{"id":531,"date":"2025-03-26T18:55:21","date_gmt":"2025-03-26T18:55:21","guid":{"rendered":"https:\/\/colectivacolectivaninasdeguatemala.com\/?page_id=531"},"modified":"2025-07-15T23:51:14","modified_gmt":"2025-07-15T23:51:14","slug":"la-nina-de-guatemala","status":"publish","type":"page","link":"https:\/\/colectivaninasdeguatemala.com\/es\/la-nina-de-guatemala\/","title":{"rendered":"La Ni\u00f1a de Guatemala"},"content":{"rendered":"<div data-elementor-type=\"wp-page\" data-elementor-id=\"531\" class=\"elementor elementor-531\" data-elementor-post-type=\"page\">\n\t\t\t\t<div class=\"elementor-element elementor-element-337493f e-con-full e-flex e-con e-parent\" data-id=\"337493f\" data-element_type=\"container\" data-settings=\"{&quot;background_background&quot;:&quot;video&quot;,&quot;background_video_link&quot;:&quot;https:\\\/\\\/youtu.be\\\/6bpftwJTSsM?si=Q35pgLylvboaMlCy&quot;,&quot;background_video_start&quot;:35,&quot;background_video_end&quot;:47}\">\n\t\t<div class=\"elementor-background-video-container elementor-hidden-mobile\" aria-hidden=\"true\">\n\t\t\t\t\t\t\t<div class=\"elementor-background-video-embed\"><\/div>\n\t\t\t\t\t\t<\/div>\t\t<\/div>\n\t\t<div class=\"elementor-element elementor-element-2268ccf e-flex e-con-boxed e-con e-parent\" data-id=\"2268ccf\" data-element_type=\"container\">\n\t\t\t\t\t<div class=\"e-con-inner\">\n\t\t\t\t<div class=\"elementor-element elementor-element-1c7caa0 elementor-widget elementor-widget-heading\" data-id=\"1c7caa0\" data-element_type=\"widget\" data-widget_type=\"heading.default\">\n\t\t\t\t<div class=\"elementor-widget-container\">\n\t\t\t\t\t<h2 class=\"elementor-heading-title elementor-size-default\">La Ni\u00f1a de Guatemala<\/h2>\t\t\t\t<\/div>\n\t\t\t\t<\/div>\n\t\t\t\t<div class=\"elementor-element elementor-element-2f4241c elementor-widget-divider--separator-type-pattern elementor-widget-divider--no-spacing elementor-widget-divider--view-line elementor-widget elementor-widget-divider\" data-id=\"2f4241c\" data-element_type=\"widget\" data-widget_type=\"divider.default\">\n\t\t\t\t<div class=\"elementor-widget-container\">\n\t\t\t\t\t\t\t<div class=\"elementor-divider\" style=\"--divider-pattern-url: url(&quot;data:image\/svg+xml,%3Csvg xmlns=&#039;http:\/\/www.w3.org\/2000\/svg&#039; preserveAspectRatio=&#039;xMidYMid meet&#039; overflow=&#039;visible&#039; height=&#039;100%&#039; viewBox=&#039;0 0 126 26&#039; fill=&#039;black&#039; stroke=&#039;none&#039;%3E%3Cpath d=&#039;M3,10.2c2.6,0,2.6,2,2.6,3.2S4.4,16.5,3,16.5s-3-1.4-3-3.2S0.4,10.2,3,10.2z M18.8,10.2c1.7,0,3.2,1.4,3.2,3.2s-1.4,3.2-3.2,3.2c-1.7,0-3.2-1.4-3.2-3.2S17,10.2,18.8,10.2z M34.6,10.2c1.5,0,2.6,1.4,2.6,3.2s-0.5,3.2-1.9,3.2c-1.5,0-3.4-1.4-3.4-3.2S33.1,10.2,34.6,10.2z M50.5,10.2c1.7,0,3.2,1.4,3.2,3.2s-1.4,3.2-3.2,3.2c-1.7,0-3.3-0.9-3.3-2.6S48.7,10.2,50.5,10.2z M66.2,10.2c1.5,0,3.4,1.4,3.4,3.2s-1.9,3.2-3.4,3.2c-1.5,0-2.6-0.4-2.6-2.1S64.8,10.2,66.2,10.2z M82.2,10.2c1.7,0.8,2.6,1.4,2.6,3.2s-0.1,3.2-1.6,3.2c-1.5,0-3.7-1.4-3.7-3.2S80.5,9.4,82.2,10.2zM98.6,10.2c1.5,0,2.6,0.4,2.6,2.1s-1.2,4.2-2.6,4.2c-1.5,0-3.7-0.4-3.7-2.1S97.1,10.2,98.6,10.2z M113.4,10.2c1.2,0,2.2,0.9,2.2,3.2s-0.1,3.2-1.3,3.2s-3.1-1.4-3.1-3.2S112.2,10.2,113.4,10.2z&#039;\/%3E%3C\/svg%3E&quot;);\">\n\t\t\t<span class=\"elementor-divider-separator\">\n\t\t\t\t\t\t<\/span>\n\t\t<\/div>\n\t\t\t\t\t\t<\/div>\n\t\t\t\t<\/div>\n\t\t\t\t<div class=\"elementor-element elementor-element-43f8ec6 elementor-widget elementor-widget-text-editor\" data-id=\"43f8ec6\" data-element_type=\"widget\" data-widget_type=\"text-editor.default\">\n\t\t\t\t<div class=\"elementor-widget-container\">\n\t\t\t\t\t\t\t\t\t<p class=\"\" data-start=\"172\" data-end=\"465\">En noviembre del a\u00f1o 2019, Colectiva Las Ni\u00f1as de Guatemala fue invitada por Mujeres Transformando El Mundo (MTM) a El Estor, Izabal, para un primer acercamiento y para registrar las primeras impresiones de los grupos de mujeres con quienes se trabajar\u00eda la fase del proyecto <em data-start=\"404\" data-end=\"439\">Jornada de Expresi\u00f3n y Movimiento<\/em> .<\/p><p class=\"\" data-start=\"467\" data-end=\"874\">Se dieron acompa\u00f1amientos a grupos de mujeres por medio de sesiones y talleres integrales. Esto configur\u00f3 una fuerza aliada que se sum\u00f3 a la incidencia pol\u00edtica y a la lucha legal de MTM. Los resultados de este proceso incluyeron la elaboraci\u00f3n de una canci\u00f3n y un video musical de contenido sociopol\u00edtico <em data-start=\"712\" data-end=\"734\">La Ni\u00f1a de Guatemala<\/em>la cual visibiliza los retos de las mujeres en el pa\u00eds para dignificar sus vidas, reparar y acceder a la justicia.<\/p><p class=\"\" data-start=\"876\" data-end=\"1034\">Esta propuesta se desarroll\u00f3 dentro del marco del Encuentro Intergeneracional entre las mujeres de Sepur Sarco, mujeres Achi, mujeres Ixiles, sus hijas y nietas.<\/p><p class=\"\" data-start=\"1036\" data-end=\"1273\">Con la intenci\u00f3n de proponer herramientas de empoderamiento y sanaci\u00f3n, se fortaleci\u00f3 la conexi\u00f3n con sus cuerpos y con ellas mismas a trav\u00e9s de la expresi\u00f3n y el movimiento en una experiencia hacia el interior del cual pudieran salir danzando.<\/p>\t\t\t\t\t\t\t\t<\/div>\n\t\t\t\t<\/div>\n\t\t\t\t\t<\/div>\n\t\t\t\t<\/div>\n\t\t<div class=\"elementor-element elementor-element-1f303c2 e-flex e-con-boxed e-con e-parent\" data-id=\"1f303c2\" data-element_type=\"container\" data-settings=\"{&quot;background_background&quot;:&quot;classic&quot;}\">\n\t\t\t\t\t<div class=\"e-con-inner\">\n\t\t\t\t<div class=\"elementor-element elementor-element-4ad034e elementor-widget elementor-widget-heading\" data-id=\"4ad034e\" data-element_type=\"widget\" data-widget_type=\"heading.default\">\n\t\t\t\t<div class=\"elementor-widget-container\">\n\t\t\t\t\t<h2 class=\"elementor-heading-title elementor-size-default\">VER EL PROYECTO<\/h2>\t\t\t\t<\/div>\n\t\t\t\t<\/div>\n\t\t\t\t<div class=\"elementor-element elementor-element-2aa5c4c elementor-widget elementor-widget-video\" data-id=\"2aa5c4c\" data-element_type=\"widget\" data-settings=\"{&quot;youtube_url&quot;:&quot;https:\\\/\\\/youtu.be\\\/6bpftwJTSsM?si=mgWZ4UweZ92yhm7S&quot;,&quot;video_type&quot;:&quot;youtube&quot;,&quot;controls&quot;:&quot;yes&quot;}\" data-widget_type=\"video.default\">\n\t\t\t\t<div class=\"elementor-widget-container\">\n\t\t\t\t\t\t\t<div class=\"elementor-wrapper elementor-open-inline\">\n\t\t\t<div class=\"elementor-video\"><\/div>\t\t<\/div>\n\t\t\t\t\t\t<\/div>\n\t\t\t\t<\/div>\n\t\t\t\t\t<\/div>\n\t\t\t\t<\/div>\n\t\t\t\t<\/div>","protected":false},"excerpt":{"rendered":"<p>La Ni\u00f1a de Guatemala In November 2019, Colectiva Las Ni\u00f1as de Guatemala was invited by Mujeres Transformando el Mundo (MTM) to El Estor, Izabal, to establish initial contact and document the first impressions of the women\u2019s groups with whom the project Jornada de Expresi\u00f3n y Movimiento would later be developed. Through holistic workshops offered to [&hellip;]<\/p>","protected":false},"author":1,"featured_media":0,"parent":0,"menu_order":0,"comment_status":"closed","ping_status":"closed","template":"elementor_header_footer","meta":{"footnotes":""},"class_list":["post-531","page","type-page","status-publish","hentry"],"_links":{"self":[{"href":"https:\/\/colectivaninasdeguatemala.com\/es\/wp-json\/wp\/v2\/pages\/531","targetHints":{"allow":["GET"]}}],"collection":[{"href":"https:\/\/colectivaninasdeguatemala.com\/es\/wp-json\/wp\/v2\/pages"}],"about":[{"href":"https:\/\/colectivaninasdeguatemala.com\/es\/wp-json\/wp\/v2\/types\/page"}],"author":[{"embeddable":true,"href":"https:\/\/colectivaninasdeguatemala.com\/es\/wp-json\/wp\/v2\/users\/1"}],"replies":[{"embeddable":true,"href":"https:\/\/colectivaninasdeguatemala.com\/es\/wp-json\/wp\/v2\/comments?post=531"}],"version-history":[{"count":133,"href":"https:\/\/colectivaninasdeguatemala.com\/es\/wp-json\/wp\/v2\/pages\/531\/revisions"}],"predecessor-version":[{"id":2542,"href":"https:\/\/colectivaninasdeguatemala.com\/es\/wp-json\/wp\/v2\/pages\/531\/revisions\/2542"}],"wp:attachment":[{"href":"https:\/\/colectivaninasdeguatemala.com\/es\/wp-json\/wp\/v2\/media?parent=531"}],"curies":[{"name":"wp","href":"https:\/\/api.w.org\/{rel}","templated":true}]}}