{"id":535,"date":"2025-03-26T18:55:48","date_gmt":"2025-03-26T18:55:48","guid":{"rendered":"https:\/\/colectivacolectivaninasdeguatemala.com\/?page_id=535"},"modified":"2025-07-03T19:47:12","modified_gmt":"2025-07-03T19:47:12","slug":"es-mi-derecho","status":"publish","type":"page","link":"https:\/\/colectivaninasdeguatemala.com\/es\/es-mi-derecho\/","title":{"rendered":"Es Mi Derecho"},"content":{"rendered":"<div data-elementor-type=\"wp-page\" data-elementor-id=\"535\" class=\"elementor elementor-535\" data-elementor-post-type=\"page\">\n\t\t\t\t<div class=\"elementor-element elementor-element-6cf605c e-con-full e-flex e-con e-parent\" data-id=\"6cf605c\" data-element_type=\"container\" data-settings=\"{&quot;background_background&quot;:&quot;video&quot;,&quot;background_video_link&quot;:&quot;https:\\\/\\\/www.youtube.com\\\/watch?v=7CX_YWWBHww&amp;ab_channel=MandyJoha&quot;,&quot;background_video_start&quot;:241,&quot;background_video_end&quot;:250}\">\n\t\t<div class=\"elementor-background-video-container elementor-hidden-mobile\" aria-hidden=\"true\">\n\t\t\t\t\t\t\t<div class=\"elementor-background-video-embed\"><\/div>\n\t\t\t\t\t\t<\/div>\t\t<\/div>\n\t\t<div class=\"elementor-element elementor-element-b1d537d e-flex e-con-boxed e-con e-parent\" data-id=\"b1d537d\" data-element_type=\"container\">\n\t\t\t\t\t<div class=\"e-con-inner\">\n\t\t\t\t<div class=\"elementor-element elementor-element-c017088 elementor-widget elementor-widget-heading\" data-id=\"c017088\" data-element_type=\"widget\" data-widget_type=\"heading.default\">\n\t\t\t\t<div class=\"elementor-widget-container\">\n\t\t\t\t\t<h2 class=\"elementor-heading-title elementor-size-default\">Es Mi Derecho<\/h2>\t\t\t\t<\/div>\n\t\t\t\t<\/div>\n\t\t\t\t<div class=\"elementor-element elementor-element-5e49b88 elementor-widget-divider--separator-type-pattern elementor-widget-divider--no-spacing elementor-widget-divider--view-line elementor-widget elementor-widget-divider\" data-id=\"5e49b88\" data-element_type=\"widget\" data-widget_type=\"divider.default\">\n\t\t\t\t<div class=\"elementor-widget-container\">\n\t\t\t\t\t\t\t<div class=\"elementor-divider\" style=\"--divider-pattern-url: url(&quot;data:image\/svg+xml,%3Csvg xmlns=&#039;http:\/\/www.w3.org\/2000\/svg&#039; preserveAspectRatio=&#039;xMidYMid meet&#039; overflow=&#039;visible&#039; height=&#039;100%&#039; viewBox=&#039;0 0 126 26&#039; fill=&#039;black&#039; stroke=&#039;none&#039;%3E%3Cpath d=&#039;M3,10.2c2.6,0,2.6,2,2.6,3.2S4.4,16.5,3,16.5s-3-1.4-3-3.2S0.4,10.2,3,10.2z M18.8,10.2c1.7,0,3.2,1.4,3.2,3.2s-1.4,3.2-3.2,3.2c-1.7,0-3.2-1.4-3.2-3.2S17,10.2,18.8,10.2z M34.6,10.2c1.5,0,2.6,1.4,2.6,3.2s-0.5,3.2-1.9,3.2c-1.5,0-3.4-1.4-3.4-3.2S33.1,10.2,34.6,10.2z M50.5,10.2c1.7,0,3.2,1.4,3.2,3.2s-1.4,3.2-3.2,3.2c-1.7,0-3.3-0.9-3.3-2.6S48.7,10.2,50.5,10.2z M66.2,10.2c1.5,0,3.4,1.4,3.4,3.2s-1.9,3.2-3.4,3.2c-1.5,0-2.6-0.4-2.6-2.1S64.8,10.2,66.2,10.2z M82.2,10.2c1.7,0.8,2.6,1.4,2.6,3.2s-0.1,3.2-1.6,3.2c-1.5,0-3.7-1.4-3.7-3.2S80.5,9.4,82.2,10.2zM98.6,10.2c1.5,0,2.6,0.4,2.6,2.1s-1.2,4.2-2.6,4.2c-1.5,0-3.7-0.4-3.7-2.1S97.1,10.2,98.6,10.2z M113.4,10.2c1.2,0,2.2,0.9,2.2,3.2s-0.1,3.2-1.3,3.2s-3.1-1.4-3.1-3.2S112.2,10.2,113.4,10.2z&#039;\/%3E%3C\/svg%3E&quot;);\">\n\t\t\t<span class=\"elementor-divider-separator\">\n\t\t\t\t\t\t<\/span>\n\t\t<\/div>\n\t\t\t\t\t\t<\/div>\n\t\t\t\t<\/div>\n\t\t\t\t<div class=\"elementor-element elementor-element-8f476c1 elementor-widget elementor-widget-text-editor\" data-id=\"8f476c1\" data-element_type=\"widget\" data-widget_type=\"text-editor.default\">\n\t\t\t\t<div class=\"elementor-widget-container\">\n\t\t\t\t\t\t\t\t\t<p class=\"\" data-start=\"140\" data-end=\"224\"><strong data-start=\"140\" data-end=\"224\">\u201cReivindicando nuestros derechos sexuales y reproductivos a trav\u00e9s del arte y la incidencia pol\u00edtica\u201d<\/strong><\/p><p class=\"\" data-start=\"226\" data-end=\"690\">El proyecto genera una propuesta metodol\u00f3gica de exploraci\u00f3n y creaci\u00f3n art\u00edstica de forma colectiva. Dicha metodolog\u00eda acompa\u00f1\u00f3 a las participantes a descubrir y conectarse con su cuerpo, sus emociones, sus pensamientos y su creatividad. Fueron acompa\u00f1adas por un grupo de artistas de diferentes ramas que les guiaron en la creaci\u00f3n colectiva de una pieza art\u00edstica con un mensaje preciso que aport\u00f3 a la concientizaci\u00f3n, reivindicaci\u00f3n y exigencia del goce y disfrute de los derechos sexuales y reproductivos.<\/p><p class=\"\" data-start=\"692\" data-end=\"1005\">Se desarrollaron espacios seguros, de cuidados, respetos y conciencias. Las participantes encontraron a trav\u00e9s de formas org\u00e1nicas y arm\u00f3nicas las rutas que las llevasen a identificar sus puntos de enunciaci\u00f3n, los mensajes claves a desarrollar y la fuerza creativa para infundirle vida y compartirlo con el mundo.<\/p>\t\t\t\t\t\t\t\t<\/div>\n\t\t\t\t<\/div>\n\t\t\t\t\t<\/div>\n\t\t\t\t<\/div>\n\t\t<div class=\"elementor-element elementor-element-e6fc63d e-flex e-con-boxed e-con e-parent\" data-id=\"e6fc63d\" data-element_type=\"container\" data-settings=\"{&quot;background_background&quot;:&quot;classic&quot;}\">\n\t\t\t\t\t<div class=\"e-con-inner\">\n\t\t\t\t<div class=\"elementor-element elementor-element-d433376 elementor-widget elementor-widget-heading\" data-id=\"d433376\" data-element_type=\"widget\" data-widget_type=\"heading.default\">\n\t\t\t\t<div class=\"elementor-widget-container\">\n\t\t\t\t\t<h2 class=\"elementor-heading-title elementor-size-default\">VER EL PROYECTO<\/h2>\t\t\t\t<\/div>\n\t\t\t\t<\/div>\n\t\t\t\t<div class=\"elementor-element elementor-element-e6367da elementor-widget elementor-widget-video\" data-id=\"e6367da\" data-element_type=\"widget\" data-settings=\"{&quot;youtube_url&quot;:&quot;https:\\\/\\\/www.youtube.com\\\/watch?v=7CX_YWWBHww&amp;ab_channel=MandyJoha&quot;,&quot;video_type&quot;:&quot;youtube&quot;,&quot;controls&quot;:&quot;yes&quot;}\" data-widget_type=\"video.default\">\n\t\t\t\t<div class=\"elementor-widget-container\">\n\t\t\t\t\t\t\t<div class=\"elementor-wrapper elementor-open-inline\">\n\t\t\t<div class=\"elementor-video\"><\/div>\t\t<\/div>\n\t\t\t\t\t\t<\/div>\n\t\t\t\t<\/div>\n\t\t\t\t\t<\/div>\n\t\t\t\t<\/div>\n\t\t\t\t<\/div>","protected":false},"excerpt":{"rendered":"<p>Es Mi Derecho Reclaiming Our Sexual and Reproductive Rights Through Art and Political Advocacy For this project, we developed a methodological framework for exploration and collective artistic creation. Through this approach, participants are supported in discovering and connecting with their bodies, emotions, thoughts, and creativity. A diverse group of artists from various disciplines accompany them, [&hellip;]<\/p>","protected":false},"author":1,"featured_media":0,"parent":0,"menu_order":0,"comment_status":"closed","ping_status":"closed","template":"elementor_header_footer","meta":{"footnotes":""},"class_list":["post-535","page","type-page","status-publish","hentry"],"_links":{"self":[{"href":"https:\/\/colectivaninasdeguatemala.com\/es\/wp-json\/wp\/v2\/pages\/535","targetHints":{"allow":["GET"]}}],"collection":[{"href":"https:\/\/colectivaninasdeguatemala.com\/es\/wp-json\/wp\/v2\/pages"}],"about":[{"href":"https:\/\/colectivaninasdeguatemala.com\/es\/wp-json\/wp\/v2\/types\/page"}],"author":[{"embeddable":true,"href":"https:\/\/colectivaninasdeguatemala.com\/es\/wp-json\/wp\/v2\/users\/1"}],"replies":[{"embeddable":true,"href":"https:\/\/colectivaninasdeguatemala.com\/es\/wp-json\/wp\/v2\/comments?post=535"}],"version-history":[{"count":34,"href":"https:\/\/colectivaninasdeguatemala.com\/es\/wp-json\/wp\/v2\/pages\/535\/revisions"}],"predecessor-version":[{"id":2245,"href":"https:\/\/colectivaninasdeguatemala.com\/es\/wp-json\/wp\/v2\/pages\/535\/revisions\/2245"}],"wp:attachment":[{"href":"https:\/\/colectivaninasdeguatemala.com\/es\/wp-json\/wp\/v2\/media?parent=535"}],"curies":[{"name":"wp","href":"https:\/\/api.w.org\/{rel}","templated":true}]}}