{"id":541,"date":"2025-03-26T18:56:40","date_gmt":"2025-03-26T18:56:40","guid":{"rendered":"https:\/\/colectivacolectivaninasdeguatemala.com\/?page_id=541"},"modified":"2025-07-24T12:58:42","modified_gmt":"2025-07-24T12:58:42","slug":"es-mi-derecho-2023","status":"publish","type":"page","link":"https:\/\/colectivaninasdeguatemala.com\/es\/es-mi-derecho-2023\/","title":{"rendered":"Alzar La Voz Es Mi Derecho en Comalapa"},"content":{"rendered":"<div data-elementor-type=\"wp-page\" data-elementor-id=\"541\" class=\"elementor elementor-541\" data-elementor-post-type=\"page\">\n\t\t\t\t<div class=\"elementor-element elementor-element-c4ed616 e-con-full e-flex e-con e-parent\" data-id=\"c4ed616\" data-element_type=\"container\" data-settings=\"{&quot;background_background&quot;:&quot;video&quot;,&quot;background_video_link&quot;:&quot;https:\\\/\\\/www.youtube.com\\\/watch?v=rZM42T-nAfc&amp;t=3s&amp;ab_channel=LasNi%C3%B1asdeGuatemala&quot;,&quot;background_video_start&quot;:382,&quot;background_video_end&quot;:396}\">\n\t\t<div class=\"elementor-background-video-container elementor-hidden-mobile\" aria-hidden=\"true\">\n\t\t\t\t\t\t\t<div class=\"elementor-background-video-embed\"><\/div>\n\t\t\t\t\t\t<\/div>\t\t<\/div>\n\t\t<div class=\"elementor-element elementor-element-c23f97a e-flex e-con-boxed e-con e-parent\" data-id=\"c23f97a\" data-element_type=\"container\">\n\t\t\t\t\t<div class=\"e-con-inner\">\n\t\t\t\t<div class=\"elementor-element elementor-element-f3bbbfc elementor-widget elementor-widget-heading\" data-id=\"f3bbbfc\" data-element_type=\"widget\" data-widget_type=\"heading.default\">\n\t\t\t\t<div class=\"elementor-widget-container\">\n\t\t\t\t\t<h2 class=\"elementor-heading-title elementor-size-default\">Alzar La Voz Es Mi Derecho En Comalapa<\/h2>\t\t\t\t<\/div>\n\t\t\t\t<\/div>\n\t\t\t\t<div class=\"elementor-element elementor-element-7adc6fc elementor-widget-divider--separator-type-pattern elementor-widget-divider--no-spacing elementor-widget-divider--view-line elementor-widget elementor-widget-divider\" data-id=\"7adc6fc\" data-element_type=\"widget\" data-widget_type=\"divider.default\">\n\t\t\t\t<div class=\"elementor-widget-container\">\n\t\t\t\t\t\t\t<div class=\"elementor-divider\" style=\"--divider-pattern-url: url(&quot;data:image\/svg+xml,%3Csvg xmlns=&#039;http:\/\/www.w3.org\/2000\/svg&#039; preserveAspectRatio=&#039;xMidYMid meet&#039; overflow=&#039;visible&#039; height=&#039;100%&#039; viewBox=&#039;0 0 126 26&#039; fill=&#039;black&#039; stroke=&#039;none&#039;%3E%3Cpath d=&#039;M3,10.2c2.6,0,2.6,2,2.6,3.2S4.4,16.5,3,16.5s-3-1.4-3-3.2S0.4,10.2,3,10.2z M18.8,10.2c1.7,0,3.2,1.4,3.2,3.2s-1.4,3.2-3.2,3.2c-1.7,0-3.2-1.4-3.2-3.2S17,10.2,18.8,10.2z M34.6,10.2c1.5,0,2.6,1.4,2.6,3.2s-0.5,3.2-1.9,3.2c-1.5,0-3.4-1.4-3.4-3.2S33.1,10.2,34.6,10.2z M50.5,10.2c1.7,0,3.2,1.4,3.2,3.2s-1.4,3.2-3.2,3.2c-1.7,0-3.3-0.9-3.3-2.6S48.7,10.2,50.5,10.2z M66.2,10.2c1.5,0,3.4,1.4,3.4,3.2s-1.9,3.2-3.4,3.2c-1.5,0-2.6-0.4-2.6-2.1S64.8,10.2,66.2,10.2z M82.2,10.2c1.7,0.8,2.6,1.4,2.6,3.2s-0.1,3.2-1.6,3.2c-1.5,0-3.7-1.4-3.7-3.2S80.5,9.4,82.2,10.2zM98.6,10.2c1.5,0,2.6,0.4,2.6,2.1s-1.2,4.2-2.6,4.2c-1.5,0-3.7-0.4-3.7-2.1S97.1,10.2,98.6,10.2z M113.4,10.2c1.2,0,2.2,0.9,2.2,3.2s-0.1,3.2-1.3,3.2s-3.1-1.4-3.1-3.2S112.2,10.2,113.4,10.2z&#039;\/%3E%3C\/svg%3E&quot;);\">\n\t\t\t<span class=\"elementor-divider-separator\">\n\t\t\t\t\t\t<\/span>\n\t\t<\/div>\n\t\t\t\t\t\t<\/div>\n\t\t\t\t<\/div>\n\t\t\t\t<div class=\"elementor-element elementor-element-f73fc1c elementor-widget elementor-widget-text-editor\" data-id=\"f73fc1c\" data-element_type=\"widget\" data-widget_type=\"text-editor.default\">\n\t\t\t\t<div class=\"elementor-widget-container\">\n\t\t\t\t\t\t\t\t\t<p><span style=\"font-weight: 400;\">Colectiva Las Ni\u00f1as de Guatemala Visibiliza los soportes que proponen las artistas a esta sociedad, con sus distintas ramas art\u00edsticas y propuestas metodol\u00f3gicas que hacen posible crear en colectividad procesos de sanaci\u00f3n, aprendizaje y herramientas de prevenci\u00f3n de violencia de g\u00e9nero a travez del empoderamiento, talleres de expresi\u00f3n y movimiento para ni\u00f1as, j\u00f3venas y mujeres, fortaleciendo la conexi\u00f3n con sus cuerpos y con ellas mismas experimentando un viaje a sus adentros del que puedan salir danzando, cantando, y por qu\u00e9 no, rapeando.<\/span><\/p><p><span style=\"font-weight: 400;\">Agradecemos el legado de sabidur\u00eda, conocimiento de todas las ancestras. Agradecemos los frutos que hoy nos comparten sus semillas.<\/span><\/p><p><span style=\"font-weight: 400;\">Agradecemos a cada ni\u00f1a, adolescente y mujer de Iximulew, a sus historias, sus luchas, sus caminos, sus cuerpos y voces que construyen caminos de justicia, dignidad y sanaci\u00f3n.<\/span><\/p><p><span style=\"font-weight: 400;\">A las voces que no se han permitido silenciar y a las que deciden romper el silencio porque con sus palabras, gritos y denuncias transforman el dolor y el miedo.<\/span><\/p><p><span style=\"font-weight: 400;\">Agradecemos al Instituto T\u00e9cnico Chixot por permitirnos tejer redes comunitarias para la juventud de<\/span><span style=\"font-weight: 400;\"><br \/><\/span><span style=\"font-weight: 400;\">Comalapa.<\/span><\/p><p><span style=\"font-weight: 400;\">Agradecemos cada ayuda que nos brindaron para que las j\u00f3venes tuvieran un espacio de expresi\u00f3n a trav\u00e9s de la danza y el rap, ya que cada aporte nos ayuda a continuar con nuestros caminos.<\/span><\/p>\t\t\t\t\t\t\t\t<\/div>\n\t\t\t\t<\/div>\n\t\t\t\t\t<\/div>\n\t\t\t\t<\/div>\n\t\t<div class=\"elementor-element elementor-element-48f1556 e-flex e-con-boxed e-con e-parent\" data-id=\"48f1556\" data-element_type=\"container\" data-settings=\"{&quot;background_background&quot;:&quot;classic&quot;}\">\n\t\t\t\t\t<div class=\"e-con-inner\">\n\t\t\t\t<div class=\"elementor-element elementor-element-34cd0ae elementor-widget elementor-widget-heading\" data-id=\"34cd0ae\" data-element_type=\"widget\" data-widget_type=\"heading.default\">\n\t\t\t\t<div class=\"elementor-widget-container\">\n\t\t\t\t\t<h2 class=\"elementor-heading-title elementor-size-default\">VER EL PROYECTO<\/h2>\t\t\t\t<\/div>\n\t\t\t\t<\/div>\n\t\t\t\t<div class=\"elementor-element elementor-element-edd6312 elementor-widget elementor-widget-video\" data-id=\"edd6312\" data-element_type=\"widget\" data-settings=\"{&quot;youtube_url&quot;:&quot;https:\\\/\\\/www.youtube.com\\\/watch?v=rZM42T-nAfc&amp;t=383s&quot;,&quot;video_type&quot;:&quot;youtube&quot;,&quot;controls&quot;:&quot;yes&quot;}\" data-widget_type=\"video.default\">\n\t\t\t\t<div class=\"elementor-widget-container\">\n\t\t\t\t\t\t\t<div class=\"elementor-wrapper elementor-open-inline\">\n\t\t\t<div class=\"elementor-video\"><\/div>\t\t<\/div>\n\t\t\t\t\t\t<\/div>\n\t\t\t\t<\/div>\n\t\t\t\t\t<\/div>\n\t\t\t\t<\/div>\n\t\t\t\t<\/div>","protected":false},"excerpt":{"rendered":"<p>Alzar La Voz Es Mi Derecho In Comalapa Colectiva Las Ni\u00f1as de Guatemala visibilizes the contributions of artists to society. With their different artistic branches and methodological proposals, they make it possible to collectively create healing processes, learning and tools for preventing gender violence through empowerment, expression and movement workshops for girls, young women and [&hellip;]<\/p>","protected":false},"author":1,"featured_media":0,"parent":0,"menu_order":0,"comment_status":"closed","ping_status":"closed","template":"elementor_header_footer","meta":{"footnotes":""},"class_list":["post-541","page","type-page","status-publish","hentry"],"_links":{"self":[{"href":"https:\/\/colectivaninasdeguatemala.com\/es\/wp-json\/wp\/v2\/pages\/541","targetHints":{"allow":["GET"]}}],"collection":[{"href":"https:\/\/colectivaninasdeguatemala.com\/es\/wp-json\/wp\/v2\/pages"}],"about":[{"href":"https:\/\/colectivaninasdeguatemala.com\/es\/wp-json\/wp\/v2\/types\/page"}],"author":[{"embeddable":true,"href":"https:\/\/colectivaninasdeguatemala.com\/es\/wp-json\/wp\/v2\/users\/1"}],"replies":[{"embeddable":true,"href":"https:\/\/colectivaninasdeguatemala.com\/es\/wp-json\/wp\/v2\/comments?post=541"}],"version-history":[{"count":61,"href":"https:\/\/colectivaninasdeguatemala.com\/es\/wp-json\/wp\/v2\/pages\/541\/revisions"}],"predecessor-version":[{"id":2586,"href":"https:\/\/colectivaninasdeguatemala.com\/es\/wp-json\/wp\/v2\/pages\/541\/revisions\/2586"}],"wp:attachment":[{"href":"https:\/\/colectivaninasdeguatemala.com\/es\/wp-json\/wp\/v2\/media?parent=541"}],"curies":[{"name":"wp","href":"https:\/\/api.w.org\/{rel}","templated":true}]}}