{"id":712,"date":"2025-04-02T17:20:31","date_gmt":"2025-04-02T17:20:31","guid":{"rendered":"https:\/\/colectivacolectivaninasdeguatemala.com\/?page_id=712"},"modified":"2025-07-03T19:58:50","modified_gmt":"2025-07-03T19:58:50","slug":"mai-de-rimas","status":"publish","type":"page","link":"https:\/\/colectivaninasdeguatemala.com\/es\/mai-de-rimas\/","title":{"rendered":"Mai de Rimas"},"content":{"rendered":"<div data-elementor-type=\"wp-page\" data-elementor-id=\"712\" class=\"elementor elementor-712\" data-elementor-post-type=\"page\">\n\t\t\t\t<div class=\"elementor-element elementor-element-bda5a05 e-con-full elementor-hidden-mobile e-flex e-con e-parent\" data-id=\"bda5a05\" data-element_type=\"container\">\n\t\t<div class=\"elementor-element elementor-element-8adf336 e-con-full e-flex e-con e-child\" data-id=\"8adf336\" data-element_type=\"container\">\n\t\t\t\t<div class=\"elementor-element elementor-element-08a7a47 elementor-widget-divider--separator-type-pattern elementor-widget-divider--no-spacing elementor-widget-divider--view-line elementor-widget elementor-widget-divider\" data-id=\"08a7a47\" data-element_type=\"widget\" data-widget_type=\"divider.default\">\n\t\t\t\t<div class=\"elementor-widget-container\">\n\t\t\t\t\t\t\t<div class=\"elementor-divider\" style=\"--divider-pattern-url: url(&quot;data:image\/svg+xml,%3Csvg xmlns=&#039;http:\/\/www.w3.org\/2000\/svg&#039; preserveAspectRatio=&#039;xMidYMid meet&#039; overflow=&#039;visible&#039; height=&#039;100%&#039; viewBox=&#039;0 0 126 26&#039; fill=&#039;black&#039; stroke=&#039;none&#039;%3E%3Cpath d=&#039;M3,10.2c2.6,0,2.6,2,2.6,3.2S4.4,16.5,3,16.5s-3-1.4-3-3.2S0.4,10.2,3,10.2z M18.8,10.2c1.7,0,3.2,1.4,3.2,3.2s-1.4,3.2-3.2,3.2c-1.7,0-3.2-1.4-3.2-3.2S17,10.2,18.8,10.2z M34.6,10.2c1.5,0,2.6,1.4,2.6,3.2s-0.5,3.2-1.9,3.2c-1.5,0-3.4-1.4-3.4-3.2S33.1,10.2,34.6,10.2z M50.5,10.2c1.7,0,3.2,1.4,3.2,3.2s-1.4,3.2-3.2,3.2c-1.7,0-3.3-0.9-3.3-2.6S48.7,10.2,50.5,10.2z M66.2,10.2c1.5,0,3.4,1.4,3.4,3.2s-1.9,3.2-3.4,3.2c-1.5,0-2.6-0.4-2.6-2.1S64.8,10.2,66.2,10.2z M82.2,10.2c1.7,0.8,2.6,1.4,2.6,3.2s-0.1,3.2-1.6,3.2c-1.5,0-3.7-1.4-3.7-3.2S80.5,9.4,82.2,10.2zM98.6,10.2c1.5,0,2.6,0.4,2.6,2.1s-1.2,4.2-2.6,4.2c-1.5,0-3.7-0.4-3.7-2.1S97.1,10.2,98.6,10.2z M113.4,10.2c1.2,0,2.2,0.9,2.2,3.2s-0.1,3.2-1.3,3.2s-3.1-1.4-3.1-3.2S112.2,10.2,113.4,10.2z&#039;\/%3E%3C\/svg%3E&quot;);\">\n\t\t\t<span class=\"elementor-divider-separator\">\n\t\t\t\t\t\t<\/span>\n\t\t<\/div>\n\t\t\t\t\t\t<\/div>\n\t\t\t\t<\/div>\n\t\t\t\t<\/div>\n\t\t<div class=\"elementor-element elementor-element-5923e3b e-con-full e-flex e-con e-child\" data-id=\"5923e3b\" data-element_type=\"container\">\n\t\t\t\t<div class=\"elementor-element elementor-element-ea320d7 elementor-widget elementor-widget-heading\" data-id=\"ea320d7\" data-element_type=\"widget\" data-widget_type=\"heading.default\">\n\t\t\t\t<div class=\"elementor-widget-container\">\n\t\t\t\t\t<h2 class=\"elementor-heading-title elementor-size-default\">Mai de Rimas<\/h2>\t\t\t\t<\/div>\n\t\t\t\t<\/div>\n\t\t\t\t<\/div>\n\t\t\t\t<\/div>\n\t\t<div class=\"elementor-element elementor-element-8a05146 e-con-full elementor-hidden-mobile e-flex e-con e-parent\" data-id=\"8a05146\" data-element_type=\"container\">\n\t\t<div class=\"elementor-element elementor-element-5612ad1 e-con-full e-flex e-con e-child\" data-id=\"5612ad1\" data-element_type=\"container\">\n\t\t\t\t<\/div>\n\t\t<div class=\"elementor-element elementor-element-5ea14b0 e-con-full e-flex e-con e-child\" data-id=\"5ea14b0\" data-element_type=\"container\">\n\t\t\t\t<div class=\"elementor-element elementor-element-0c9b6a0 elementor-widget elementor-widget-heading\" data-id=\"0c9b6a0\" data-element_type=\"widget\" data-widget_type=\"heading.default\">\n\t\t\t\t<div class=\"elementor-widget-container\">\n\t\t\t\t\t<h2 class=\"elementor-heading-title elementor-size-default\">Community Manager<\/h2>\t\t\t\t<\/div>\n\t\t\t\t<\/div>\n\t\t\t\t<\/div>\n\t\t\t\t<\/div>\n\t\t<div class=\"elementor-element elementor-element-232af4e elementor-hidden-desktop elementor-hidden-tablet e-flex e-con-boxed e-con e-parent\" data-id=\"232af4e\" data-element_type=\"container\">\n\t\t\t\t\t<div class=\"e-con-inner\">\n\t\t\t\t<div class=\"elementor-element elementor-element-0aba942 elementor-widget elementor-widget-heading\" data-id=\"0aba942\" data-element_type=\"widget\" data-widget_type=\"heading.default\">\n\t\t\t\t<div class=\"elementor-widget-container\">\n\t\t\t\t\t<h2 class=\"elementor-heading-title elementor-size-default\">MAI DE RIMAS<\/h2>\t\t\t\t<\/div>\n\t\t\t\t<\/div>\n\t\t\t\t<div class=\"elementor-element elementor-element-c8d4331 elementor-widget elementor-widget-text-editor\" data-id=\"c8d4331\" data-element_type=\"widget\" data-widget_type=\"text-editor.default\">\n\t\t\t\t<div class=\"elementor-widget-container\">\n\t\t\t\t\t\t\t\t\t<p>COMMUNITY MANAGER<\/p>\t\t\t\t\t\t\t\t<\/div>\n\t\t\t\t<\/div>\n\t\t\t\t\t<\/div>\n\t\t\t\t<\/div>\n\t\t<div class=\"elementor-element elementor-element-bce4866 e-flex e-con-boxed e-con e-parent\" data-id=\"bce4866\" data-element_type=\"container\">\n\t\t\t\t\t<div class=\"e-con-inner\">\n\t\t<div class=\"elementor-element elementor-element-ed933da e-con-full e-flex e-con e-child\" data-id=\"ed933da\" data-element_type=\"container\">\n\t\t\t\t<div class=\"elementor-element elementor-element-b0a3abc elementor-widget elementor-widget-image\" data-id=\"b0a3abc\" data-element_type=\"widget\" data-widget_type=\"image.default\">\n\t\t\t\t<div class=\"elementor-widget-container\">\n\t\t\t\t\t\t\t\t\t\t\t\t\t\t\t<img fetchpriority=\"high\" decoding=\"async\" width=\"672\" height=\"450\" src=\"https:\/\/colectivaninasdeguatemala.com\/wp-content\/uploads\/2025\/07\/Untitled-design-11.png\" class=\"attachment-full size-full wp-image-2276\" alt=\"\" srcset=\"https:\/\/colectivaninasdeguatemala.com\/wp-content\/uploads\/2025\/07\/Untitled-design-11.png 672w, https:\/\/colectivaninasdeguatemala.com\/wp-content\/uploads\/2025\/07\/Untitled-design-11-300x201.png 300w, https:\/\/colectivaninasdeguatemala.com\/wp-content\/uploads\/2025\/07\/Untitled-design-11-18x12.png 18w\" sizes=\"(max-width: 672px) 100vw, 672px\" \/>\t\t\t\t\t\t\t\t\t\t\t\t\t\t\t<\/div>\n\t\t\t\t<\/div>\n\t\t\t\t<\/div>\n\t\t<div class=\"elementor-element elementor-element-70e6905 e-con-full e-flex e-con e-child\" data-id=\"70e6905\" data-element_type=\"container\">\n\t\t\t\t<div class=\"elementor-element elementor-element-c35cf00 elementor-widget elementor-widget-text-editor\" data-id=\"c35cf00\" data-element_type=\"widget\" data-widget_type=\"text-editor.default\">\n\t\t\t\t<div class=\"elementor-widget-container\">\n\t\t\t\t\t\t\t\t\t<p>Rapera y Community Manager guatemalteca. Inici\u00f3 su carrera como artista en el a\u00f1o 2010 en el centro de la Ciudad de Guatemala. Durante sus inicios integr\u00f3 el 1er d\u00fao de raperas \"Melod\u00eda Urbana\" con Liz Bella, m\u00e1s adelante tambi\u00e9n form\u00f3 parte de Rehenes de la Instrumental y Las Musas. Actualmente es integrante de Colectiva Urbana el primer Colectivo de mujeres raperas en Centro Am\u00e9rica, integrante de Collectif ImpulsArte un proyecto franco-guatemalteco que re\u00fane las artes circenses y del Hip Hop, y tambi\u00e9n forma parte de la Colectiva las Ni\u00f1as de Guatemala.<\/p>\t\t\t\t\t\t\t\t<\/div>\n\t\t\t\t<\/div>\n\t\t\t\t<\/div>\n\t\t\t\t\t<\/div>\n\t\t\t\t<\/div>\n\t\t\t\t<\/div>","protected":false},"excerpt":{"rendered":"<p>Mai de Rimas Community Manager MAI DE RIMAS COMMUNITY MANAGER Guatemalan rapper and community manager. She began her career as an artist in 2010 in downtown Guatemala City. During her early days, she was part of the first female rap duo &#8220;Melod\u00eda Urbana&#8221; with Liz Bella, and later joined Rehenes de la Instrumental and Las [&hellip;]<\/p>","protected":false},"author":1,"featured_media":0,"parent":0,"menu_order":0,"comment_status":"closed","ping_status":"closed","template":"elementor_header_footer","meta":{"footnotes":""},"class_list":["post-712","page","type-page","status-publish","hentry"],"_links":{"self":[{"href":"https:\/\/colectivaninasdeguatemala.com\/es\/wp-json\/wp\/v2\/pages\/712","targetHints":{"allow":["GET"]}}],"collection":[{"href":"https:\/\/colectivaninasdeguatemala.com\/es\/wp-json\/wp\/v2\/pages"}],"about":[{"href":"https:\/\/colectivaninasdeguatemala.com\/es\/wp-json\/wp\/v2\/types\/page"}],"author":[{"embeddable":true,"href":"https:\/\/colectivaninasdeguatemala.com\/es\/wp-json\/wp\/v2\/users\/1"}],"replies":[{"embeddable":true,"href":"https:\/\/colectivaninasdeguatemala.com\/es\/wp-json\/wp\/v2\/comments?post=712"}],"version-history":[{"count":37,"href":"https:\/\/colectivaninasdeguatemala.com\/es\/wp-json\/wp\/v2\/pages\/712\/revisions"}],"predecessor-version":[{"id":2302,"href":"https:\/\/colectivaninasdeguatemala.com\/es\/wp-json\/wp\/v2\/pages\/712\/revisions\/2302"}],"wp:attachment":[{"href":"https:\/\/colectivaninasdeguatemala.com\/es\/wp-json\/wp\/v2\/media?parent=712"}],"curies":[{"name":"wp","href":"https:\/\/api.w.org\/{rel}","templated":true}]}}