{"id":714,"date":"2025-04-02T17:21:04","date_gmt":"2025-04-02T17:21:04","guid":{"rendered":"https:\/\/colectivacolectivaninasdeguatemala.com\/?page_id=714"},"modified":"2025-07-03T20:00:08","modified_gmt":"2025-07-03T20:00:08","slug":"tania-che","status":"publish","type":"page","link":"https:\/\/colectivaninasdeguatemala.com\/es\/tania-che\/","title":{"rendered":"Tania Che"},"content":{"rendered":"<div data-elementor-type=\"wp-page\" data-elementor-id=\"714\" class=\"elementor elementor-714\" data-elementor-post-type=\"page\">\n\t\t\t\t<div class=\"elementor-element elementor-element-38b9447 e-con-full elementor-hidden-mobile e-flex e-con e-parent\" data-id=\"38b9447\" data-element_type=\"container\">\n\t\t<div class=\"elementor-element elementor-element-a84f8f2 e-con-full e-flex e-con e-child\" data-id=\"a84f8f2\" data-element_type=\"container\">\n\t\t\t\t<div class=\"elementor-element elementor-element-c641f6a elementor-widget-divider--separator-type-pattern elementor-widget-divider--no-spacing elementor-widget-divider--view-line elementor-widget elementor-widget-divider\" data-id=\"c641f6a\" data-element_type=\"widget\" data-widget_type=\"divider.default\">\n\t\t\t\t<div class=\"elementor-widget-container\">\n\t\t\t\t\t\t\t<div class=\"elementor-divider\" style=\"--divider-pattern-url: url(&quot;data:image\/svg+xml,%3Csvg xmlns=&#039;http:\/\/www.w3.org\/2000\/svg&#039; preserveAspectRatio=&#039;xMidYMid meet&#039; overflow=&#039;visible&#039; height=&#039;100%&#039; viewBox=&#039;0 0 126 26&#039; fill=&#039;black&#039; stroke=&#039;none&#039;%3E%3Cpath d=&#039;M3,10.2c2.6,0,2.6,2,2.6,3.2S4.4,16.5,3,16.5s-3-1.4-3-3.2S0.4,10.2,3,10.2z M18.8,10.2c1.7,0,3.2,1.4,3.2,3.2s-1.4,3.2-3.2,3.2c-1.7,0-3.2-1.4-3.2-3.2S17,10.2,18.8,10.2z M34.6,10.2c1.5,0,2.6,1.4,2.6,3.2s-0.5,3.2-1.9,3.2c-1.5,0-3.4-1.4-3.4-3.2S33.1,10.2,34.6,10.2z M50.5,10.2c1.7,0,3.2,1.4,3.2,3.2s-1.4,3.2-3.2,3.2c-1.7,0-3.3-0.9-3.3-2.6S48.7,10.2,50.5,10.2z M66.2,10.2c1.5,0,3.4,1.4,3.4,3.2s-1.9,3.2-3.4,3.2c-1.5,0-2.6-0.4-2.6-2.1S64.8,10.2,66.2,10.2z M82.2,10.2c1.7,0.8,2.6,1.4,2.6,3.2s-0.1,3.2-1.6,3.2c-1.5,0-3.7-1.4-3.7-3.2S80.5,9.4,82.2,10.2zM98.6,10.2c1.5,0,2.6,0.4,2.6,2.1s-1.2,4.2-2.6,4.2c-1.5,0-3.7-0.4-3.7-2.1S97.1,10.2,98.6,10.2z M113.4,10.2c1.2,0,2.2,0.9,2.2,3.2s-0.1,3.2-1.3,3.2s-3.1-1.4-3.1-3.2S112.2,10.2,113.4,10.2z&#039;\/%3E%3C\/svg%3E&quot;);\">\n\t\t\t<span class=\"elementor-divider-separator\">\n\t\t\t\t\t\t<\/span>\n\t\t<\/div>\n\t\t\t\t\t\t<\/div>\n\t\t\t\t<\/div>\n\t\t\t\t<\/div>\n\t\t<div class=\"elementor-element elementor-element-69d76a0 e-con-full e-flex e-con e-child\" data-id=\"69d76a0\" data-element_type=\"container\">\n\t\t\t\t<div class=\"elementor-element elementor-element-45996bd elementor-widget elementor-widget-heading\" data-id=\"45996bd\" data-element_type=\"widget\" data-widget_type=\"heading.default\">\n\t\t\t\t<div class=\"elementor-widget-container\">\n\t\t\t\t\t<h2 class=\"elementor-heading-title elementor-size-default\">Tania Ch\u00e9<\/h2>\t\t\t\t<\/div>\n\t\t\t\t<\/div>\n\t\t\t\t<\/div>\n\t\t\t\t<\/div>\n\t\t<div class=\"elementor-element elementor-element-1fa7531 e-con-full elementor-hidden-mobile e-flex e-con e-parent\" data-id=\"1fa7531\" data-element_type=\"container\">\n\t\t<div class=\"elementor-element elementor-element-ce36280 e-con-full e-flex e-con e-child\" data-id=\"ce36280\" data-element_type=\"container\">\n\t\t\t\t<\/div>\n\t\t<div class=\"elementor-element elementor-element-57f0030 e-con-full e-flex e-con e-child\" data-id=\"57f0030\" data-element_type=\"container\">\n\t\t\t\t<div class=\"elementor-element elementor-element-9df5100 elementor-widget elementor-widget-heading\" data-id=\"9df5100\" data-element_type=\"widget\" data-widget_type=\"heading.default\">\n\t\t\t\t<div class=\"elementor-widget-container\">\n\t\t\t\t\t<h2 class=\"elementor-heading-title elementor-size-default\">ARTISTA<\/h2>\t\t\t\t<\/div>\n\t\t\t\t<\/div>\n\t\t\t\t<\/div>\n\t\t\t\t<\/div>\n\t\t<div class=\"elementor-element elementor-element-fa565bf elementor-hidden-desktop elementor-hidden-tablet e-flex e-con-boxed e-con e-parent\" data-id=\"fa565bf\" data-element_type=\"container\">\n\t\t\t\t\t<div class=\"e-con-inner\">\n\t\t\t\t<div class=\"elementor-element elementor-element-021d6ca elementor-widget elementor-widget-heading\" data-id=\"021d6ca\" data-element_type=\"widget\" data-widget_type=\"heading.default\">\n\t\t\t\t<div class=\"elementor-widget-container\">\n\t\t\t\t\t<h2 class=\"elementor-heading-title elementor-size-default\">TANIA CH\u00c9<\/h2>\t\t\t\t<\/div>\n\t\t\t\t<\/div>\n\t\t\t\t<div class=\"elementor-element elementor-element-e779e43 elementor-widget elementor-widget-text-editor\" data-id=\"e779e43\" data-element_type=\"widget\" data-widget_type=\"text-editor.default\">\n\t\t\t\t<div class=\"elementor-widget-container\">\n\t\t\t\t\t\t\t\t\t<p>ARTISTA<\/p>\t\t\t\t\t\t\t\t<\/div>\n\t\t\t\t<\/div>\n\t\t\t\t\t<\/div>\n\t\t\t\t<\/div>\n\t\t<div class=\"elementor-element elementor-element-193d5ff e-flex e-con-boxed e-con e-parent\" data-id=\"193d5ff\" data-element_type=\"container\">\n\t\t\t\t\t<div class=\"e-con-inner\">\n\t\t<div class=\"elementor-element elementor-element-61fdfc0 e-con-full e-flex e-con e-child\" data-id=\"61fdfc0\" data-element_type=\"container\">\n\t\t\t\t<div class=\"elementor-element elementor-element-466fae7 elementor-widget elementor-widget-image\" data-id=\"466fae7\" data-element_type=\"widget\" data-widget_type=\"image.default\">\n\t\t\t\t<div class=\"elementor-widget-container\">\n\t\t\t\t\t\t\t\t\t\t\t\t\t\t\t<img fetchpriority=\"high\" decoding=\"async\" width=\"672\" height=\"450\" src=\"https:\/\/colectivaninasdeguatemala.com\/wp-content\/uploads\/2025\/07\/Untitled-design-9-1.png\" class=\"attachment-full size-full wp-image-2274\" alt=\"\" srcset=\"https:\/\/colectivaninasdeguatemala.com\/wp-content\/uploads\/2025\/07\/Untitled-design-9-1.png 672w, https:\/\/colectivaninasdeguatemala.com\/wp-content\/uploads\/2025\/07\/Untitled-design-9-1-300x201.png 300w, https:\/\/colectivaninasdeguatemala.com\/wp-content\/uploads\/2025\/07\/Untitled-design-9-1-18x12.png 18w\" sizes=\"(max-width: 672px) 100vw, 672px\" \/>\t\t\t\t\t\t\t\t\t\t\t\t\t\t\t<\/div>\n\t\t\t\t<\/div>\n\t\t\t\t<\/div>\n\t\t<div class=\"elementor-element elementor-element-6234448 e-con-full e-flex e-con e-child\" data-id=\"6234448\" data-element_type=\"container\">\n\t\t\t\t<div class=\"elementor-element elementor-element-085af45 elementor-widget elementor-widget-text-editor\" data-id=\"085af45\" data-element_type=\"widget\" data-widget_type=\"text-editor.default\">\n\t\t\t\t<div class=\"elementor-widget-container\">\n\t\t\t\t\t\t\t\t\t<p>Artista corporal cuya pr\u00e1ctica creativa genera un di\u00e1logo entre el cuerpo y las emociones, abordando cuestiones relacionadas con la identidad, g\u00e9nero, bienestar  y la reivindicaci\u00f3n del poder personal. Su b\u00fasqueda art\u00edstica integra herramientas de la danza contempor\u00e1nea y las artes marciales.<\/p>\n<p>A trav\u00e9s de estas pr\u00e1cticas busca inspirar a otrxs a conectarse con sus propias capacidades, utilizando el movimiento como un medio para sanar, empoderarse y encontrar nuevas posibilidades.<\/p>\n<p>Este compromiso con la corporalidad como herramienta transformadora la lleva a crear espacios seguros y significativos donde el movimiento se convierte en una plataforma para la reflexi\u00f3n, el aprendizaje y la acci\u00f3n colectiva.<\/p>\t\t\t\t\t\t\t\t<\/div>\n\t\t\t\t<\/div>\n\t\t\t\t<\/div>\n\t\t\t\t\t<\/div>\n\t\t\t\t<\/div>\n\t\t\t\t<\/div>","protected":false},"excerpt":{"rendered":"<p>Tania Ch\u00e9 ARTIST TANIA CH\u00c9 ARTISTA Body artist whose creative practice generates a dialogue between the body and emotions, addressing issues related to identity, gender, well-being, and the assertion of personal power. Her artistic pursuits integrate tools from contemporary dance and martial arts. Through these practices, she seeks to inspire others to connect with their [&hellip;]<\/p>","protected":false},"author":1,"featured_media":0,"parent":0,"menu_order":0,"comment_status":"closed","ping_status":"closed","template":"elementor_header_footer","meta":{"footnotes":""},"class_list":["post-714","page","type-page","status-publish","hentry"],"_links":{"self":[{"href":"https:\/\/colectivaninasdeguatemala.com\/es\/wp-json\/wp\/v2\/pages\/714","targetHints":{"allow":["GET"]}}],"collection":[{"href":"https:\/\/colectivaninasdeguatemala.com\/es\/wp-json\/wp\/v2\/pages"}],"about":[{"href":"https:\/\/colectivaninasdeguatemala.com\/es\/wp-json\/wp\/v2\/types\/page"}],"author":[{"embeddable":true,"href":"https:\/\/colectivaninasdeguatemala.com\/es\/wp-json\/wp\/v2\/users\/1"}],"replies":[{"embeddable":true,"href":"https:\/\/colectivaninasdeguatemala.com\/es\/wp-json\/wp\/v2\/comments?post=714"}],"version-history":[{"count":44,"href":"https:\/\/colectivaninasdeguatemala.com\/es\/wp-json\/wp\/v2\/pages\/714\/revisions"}],"predecessor-version":[{"id":2308,"href":"https:\/\/colectivaninasdeguatemala.com\/es\/wp-json\/wp\/v2\/pages\/714\/revisions\/2308"}],"wp:attachment":[{"href":"https:\/\/colectivaninasdeguatemala.com\/es\/wp-json\/wp\/v2\/media?parent=714"}],"curies":[{"name":"wp","href":"https:\/\/api.w.org\/{rel}","templated":true}]}}