{"id":716,"date":"2025-04-02T17:21:26","date_gmt":"2025-04-02T17:21:26","guid":{"rendered":"https:\/\/colectivacolectivaninasdeguatemala.com\/?page_id=716"},"modified":"2025-07-03T19:59:19","modified_gmt":"2025-07-03T19:59:19","slug":"jeanette-soria","status":"publish","type":"page","link":"https:\/\/colectivaninasdeguatemala.com\/es\/jeanette-soria\/","title":{"rendered":"Jeanette Soria"},"content":{"rendered":"<div data-elementor-type=\"wp-page\" data-elementor-id=\"716\" class=\"elementor elementor-716\" data-elementor-post-type=\"page\">\n\t\t\t\t<div class=\"elementor-element elementor-element-8bac11b e-con-full elementor-hidden-mobile e-flex e-con e-parent\" data-id=\"8bac11b\" data-element_type=\"container\">\n\t\t<div class=\"elementor-element elementor-element-d197bd3 e-con-full e-flex e-con e-child\" data-id=\"d197bd3\" data-element_type=\"container\">\n\t\t\t\t<div class=\"elementor-element elementor-element-174a9a9 elementor-widget-divider--separator-type-pattern elementor-widget-divider--no-spacing elementor-widget-divider--view-line elementor-widget elementor-widget-divider\" data-id=\"174a9a9\" data-element_type=\"widget\" data-widget_type=\"divider.default\">\n\t\t\t\t<div class=\"elementor-widget-container\">\n\t\t\t\t\t\t\t<div class=\"elementor-divider\" style=\"--divider-pattern-url: url(&quot;data:image\/svg+xml,%3Csvg xmlns=&#039;http:\/\/www.w3.org\/2000\/svg&#039; preserveAspectRatio=&#039;xMidYMid meet&#039; overflow=&#039;visible&#039; height=&#039;100%&#039; viewBox=&#039;0 0 126 26&#039; fill=&#039;black&#039; stroke=&#039;none&#039;%3E%3Cpath d=&#039;M3,10.2c2.6,0,2.6,2,2.6,3.2S4.4,16.5,3,16.5s-3-1.4-3-3.2S0.4,10.2,3,10.2z M18.8,10.2c1.7,0,3.2,1.4,3.2,3.2s-1.4,3.2-3.2,3.2c-1.7,0-3.2-1.4-3.2-3.2S17,10.2,18.8,10.2z M34.6,10.2c1.5,0,2.6,1.4,2.6,3.2s-0.5,3.2-1.9,3.2c-1.5,0-3.4-1.4-3.4-3.2S33.1,10.2,34.6,10.2z M50.5,10.2c1.7,0,3.2,1.4,3.2,3.2s-1.4,3.2-3.2,3.2c-1.7,0-3.3-0.9-3.3-2.6S48.7,10.2,50.5,10.2z M66.2,10.2c1.5,0,3.4,1.4,3.4,3.2s-1.9,3.2-3.4,3.2c-1.5,0-2.6-0.4-2.6-2.1S64.8,10.2,66.2,10.2z M82.2,10.2c1.7,0.8,2.6,1.4,2.6,3.2s-0.1,3.2-1.6,3.2c-1.5,0-3.7-1.4-3.7-3.2S80.5,9.4,82.2,10.2zM98.6,10.2c1.5,0,2.6,0.4,2.6,2.1s-1.2,4.2-2.6,4.2c-1.5,0-3.7-0.4-3.7-2.1S97.1,10.2,98.6,10.2z M113.4,10.2c1.2,0,2.2,0.9,2.2,3.2s-0.1,3.2-1.3,3.2s-3.1-1.4-3.1-3.2S112.2,10.2,113.4,10.2z&#039;\/%3E%3C\/svg%3E&quot;);\">\n\t\t\t<span class=\"elementor-divider-separator\">\n\t\t\t\t\t\t<\/span>\n\t\t<\/div>\n\t\t\t\t\t\t<\/div>\n\t\t\t\t<\/div>\n\t\t\t\t<\/div>\n\t\t<div class=\"elementor-element elementor-element-5de6713 e-con-full e-flex e-con e-child\" data-id=\"5de6713\" data-element_type=\"container\">\n\t\t\t\t<div class=\"elementor-element elementor-element-fe2d156 elementor-widget elementor-widget-heading\" data-id=\"fe2d156\" data-element_type=\"widget\" data-widget_type=\"heading.default\">\n\t\t\t\t<div class=\"elementor-widget-container\">\n\t\t\t\t\t<h2 class=\"elementor-heading-title elementor-size-default\">Jeanette Soria<\/h2>\t\t\t\t<\/div>\n\t\t\t\t<\/div>\n\t\t\t\t<\/div>\n\t\t\t\t<\/div>\n\t\t<div class=\"elementor-element elementor-element-5934fe0 e-con-full elementor-hidden-mobile e-flex e-con e-parent\" data-id=\"5934fe0\" data-element_type=\"container\">\n\t\t<div class=\"elementor-element elementor-element-85f9e0f e-con-full e-flex e-con e-child\" data-id=\"85f9e0f\" data-element_type=\"container\">\n\t\t\t\t<\/div>\n\t\t<div class=\"elementor-element elementor-element-9222869 e-con-full e-flex e-con e-child\" data-id=\"9222869\" data-element_type=\"container\">\n\t\t\t\t<div class=\"elementor-element elementor-element-2f119a7 elementor-widget elementor-widget-heading\" data-id=\"2f119a7\" data-element_type=\"widget\" data-widget_type=\"heading.default\">\n\t\t\t\t<div class=\"elementor-widget-container\">\n\t\t\t\t\t<h2 class=\"elementor-heading-title elementor-size-default\">ARTISTA<\/h2>\t\t\t\t<\/div>\n\t\t\t\t<\/div>\n\t\t\t\t<\/div>\n\t\t\t\t<\/div>\n\t\t<div class=\"elementor-element elementor-element-98ee6f4 elementor-hidden-desktop elementor-hidden-tablet e-flex e-con-boxed e-con e-parent\" data-id=\"98ee6f4\" data-element_type=\"container\">\n\t\t\t\t\t<div class=\"e-con-inner\">\n\t\t\t\t<div class=\"elementor-element elementor-element-ab831b9 elementor-widget elementor-widget-heading\" data-id=\"ab831b9\" data-element_type=\"widget\" data-widget_type=\"heading.default\">\n\t\t\t\t<div class=\"elementor-widget-container\">\n\t\t\t\t\t<h2 class=\"elementor-heading-title elementor-size-default\">JEANETTE SORIA<\/h2>\t\t\t\t<\/div>\n\t\t\t\t<\/div>\n\t\t\t\t<div class=\"elementor-element elementor-element-f070ff8 elementor-widget elementor-widget-text-editor\" data-id=\"f070ff8\" data-element_type=\"widget\" data-widget_type=\"text-editor.default\">\n\t\t\t\t<div class=\"elementor-widget-container\">\n\t\t\t\t\t\t\t\t\t<p>ARTISTA<\/p>\t\t\t\t\t\t\t\t<\/div>\n\t\t\t\t<\/div>\n\t\t\t\t\t<\/div>\n\t\t\t\t<\/div>\n\t\t<div class=\"elementor-element elementor-element-7f21969 e-flex e-con-boxed e-con e-parent\" data-id=\"7f21969\" data-element_type=\"container\">\n\t\t\t\t\t<div class=\"e-con-inner\">\n\t\t<div class=\"elementor-element elementor-element-157602e e-con-full e-flex e-con e-child\" data-id=\"157602e\" data-element_type=\"container\">\n\t\t\t\t<div class=\"elementor-element elementor-element-eed4070 elementor-widget elementor-widget-image\" data-id=\"eed4070\" data-element_type=\"widget\" data-widget_type=\"image.default\">\n\t\t\t\t<div class=\"elementor-widget-container\">\n\t\t\t\t\t\t\t\t\t\t\t\t\t\t\t<img fetchpriority=\"high\" decoding=\"async\" width=\"672\" height=\"450\" src=\"https:\/\/colectivaninasdeguatemala.com\/wp-content\/uploads\/2025\/07\/Untitled-design-12.png\" class=\"attachment-full size-full wp-image-2277\" alt=\"\" srcset=\"https:\/\/colectivaninasdeguatemala.com\/wp-content\/uploads\/2025\/07\/Untitled-design-12.png 672w, https:\/\/colectivaninasdeguatemala.com\/wp-content\/uploads\/2025\/07\/Untitled-design-12-300x201.png 300w, https:\/\/colectivaninasdeguatemala.com\/wp-content\/uploads\/2025\/07\/Untitled-design-12-18x12.png 18w\" sizes=\"(max-width: 672px) 100vw, 672px\" \/>\t\t\t\t\t\t\t\t\t\t\t\t\t\t\t<\/div>\n\t\t\t\t<\/div>\n\t\t\t\t<\/div>\n\t\t<div class=\"elementor-element elementor-element-1df917c e-con-full e-flex e-con e-child\" data-id=\"1df917c\" data-element_type=\"container\">\n\t\t\t\t<div class=\"elementor-element elementor-element-630cd72 elementor-widget elementor-widget-text-editor\" data-id=\"630cd72\" data-element_type=\"widget\" data-widget_type=\"text-editor.default\">\n\t\t\t\t<div class=\"elementor-widget-container\">\n\t\t\t\t\t\t\t\t\t<p>Narradora oral, artista corporal y gestora. Su trabajo est\u00e1 atravesado por la pol\u00edtica, la comunicaci\u00f3n, la est\u00e9tica y la performatividad como acto personal y pol\u00edtico.&nbsp;<span style=\"letter-spacing: 0.2px;\">Asume la sensibilidad como una cualidad intr\u00ednseca de la especie humana, y est\u00e1 convencida que su quehacer es estimular las maneras de percepci\u00f3n que han sido adormecidas por la racionalidad moderna.&nbsp;<\/span><span style=\"letter-spacing: 0.2px;\">Utiliza la irrupci\u00f3n y el eros como estrategia para detonar la impresi\u00f3n del mundo a trav\u00e9s de los sentidos. Actualmente forma parte del grupo de danza contempor\u00e1nea HILA en Quetzaltenango.<\/span><\/p>\t\t\t\t\t\t\t\t<\/div>\n\t\t\t\t<\/div>\n\t\t\t\t<\/div>\n\t\t\t\t\t<\/div>\n\t\t\t\t<\/div>\n\t\t\t\t<\/div>","protected":false},"excerpt":{"rendered":"<p>Jeanette Soria ARTIST JEANETTE SORIA ARTISTA Oral storyteller, body artist, and manager. She interwines politics, communications, aesthetics, and performance in her work as a personal and political act.&nbsp;She embraces sensitivity as an intrinsic quality of the human species and is convinced that her work is to stimulate modes of perception that have been numbed by [&hellip;]<\/p>","protected":false},"author":1,"featured_media":0,"parent":0,"menu_order":0,"comment_status":"closed","ping_status":"closed","template":"elementor_header_footer","meta":{"footnotes":""},"class_list":["post-716","page","type-page","status-publish","hentry"],"_links":{"self":[{"href":"https:\/\/colectivaninasdeguatemala.com\/es\/wp-json\/wp\/v2\/pages\/716","targetHints":{"allow":["GET"]}}],"collection":[{"href":"https:\/\/colectivaninasdeguatemala.com\/es\/wp-json\/wp\/v2\/pages"}],"about":[{"href":"https:\/\/colectivaninasdeguatemala.com\/es\/wp-json\/wp\/v2\/types\/page"}],"author":[{"embeddable":true,"href":"https:\/\/colectivaninasdeguatemala.com\/es\/wp-json\/wp\/v2\/users\/1"}],"replies":[{"embeddable":true,"href":"https:\/\/colectivaninasdeguatemala.com\/es\/wp-json\/wp\/v2\/comments?post=716"}],"version-history":[{"count":31,"href":"https:\/\/colectivaninasdeguatemala.com\/es\/wp-json\/wp\/v2\/pages\/716\/revisions"}],"predecessor-version":[{"id":2305,"href":"https:\/\/colectivaninasdeguatemala.com\/es\/wp-json\/wp\/v2\/pages\/716\/revisions\/2305"}],"wp:attachment":[{"href":"https:\/\/colectivaninasdeguatemala.com\/es\/wp-json\/wp\/v2\/media?parent=716"}],"curies":[{"name":"wp","href":"https:\/\/api.w.org\/{rel}","templated":true}]}}