{"id":865,"date":"2025-04-03T01:10:30","date_gmt":"2025-04-03T01:10:30","guid":{"rendered":"https:\/\/colectivacolectivaninasdeguatemala.com\/?page_id=865"},"modified":"2025-07-03T20:00:37","modified_gmt":"2025-07-03T20:00:37","slug":"amna-khalafalla","status":"publish","type":"page","link":"https:\/\/colectivaninasdeguatemala.com\/es\/amna-khalafalla\/","title":{"rendered":"Amna Khalafalla"},"content":{"rendered":"<div data-elementor-type=\"wp-page\" data-elementor-id=\"865\" class=\"elementor elementor-865\" data-elementor-post-type=\"page\">\n\t\t\t\t<div class=\"elementor-element elementor-element-130f63c e-con-full elementor-hidden-mobile e-flex e-con e-parent\" data-id=\"130f63c\" data-element_type=\"container\">\n\t\t<div class=\"elementor-element elementor-element-7bd180d e-con-full e-flex e-con e-child\" data-id=\"7bd180d\" data-element_type=\"container\">\n\t\t\t\t<div class=\"elementor-element elementor-element-53e2f27 elementor-widget-divider--separator-type-pattern elementor-widget-divider--no-spacing elementor-widget-divider--view-line elementor-widget elementor-widget-divider\" data-id=\"53e2f27\" data-element_type=\"widget\" data-widget_type=\"divider.default\">\n\t\t\t\t<div class=\"elementor-widget-container\">\n\t\t\t\t\t\t\t<div class=\"elementor-divider\" style=\"--divider-pattern-url: url(&quot;data:image\/svg+xml,%3Csvg xmlns=&#039;http:\/\/www.w3.org\/2000\/svg&#039; preserveAspectRatio=&#039;xMidYMid meet&#039; overflow=&#039;visible&#039; height=&#039;100%&#039; viewBox=&#039;0 0 126 26&#039; fill=&#039;black&#039; stroke=&#039;none&#039;%3E%3Cpath d=&#039;M3,10.2c2.6,0,2.6,2,2.6,3.2S4.4,16.5,3,16.5s-3-1.4-3-3.2S0.4,10.2,3,10.2z M18.8,10.2c1.7,0,3.2,1.4,3.2,3.2s-1.4,3.2-3.2,3.2c-1.7,0-3.2-1.4-3.2-3.2S17,10.2,18.8,10.2z M34.6,10.2c1.5,0,2.6,1.4,2.6,3.2s-0.5,3.2-1.9,3.2c-1.5,0-3.4-1.4-3.4-3.2S33.1,10.2,34.6,10.2z M50.5,10.2c1.7,0,3.2,1.4,3.2,3.2s-1.4,3.2-3.2,3.2c-1.7,0-3.3-0.9-3.3-2.6S48.7,10.2,50.5,10.2z M66.2,10.2c1.5,0,3.4,1.4,3.4,3.2s-1.9,3.2-3.4,3.2c-1.5,0-2.6-0.4-2.6-2.1S64.8,10.2,66.2,10.2z M82.2,10.2c1.7,0.8,2.6,1.4,2.6,3.2s-0.1,3.2-1.6,3.2c-1.5,0-3.7-1.4-3.7-3.2S80.5,9.4,82.2,10.2zM98.6,10.2c1.5,0,2.6,0.4,2.6,2.1s-1.2,4.2-2.6,4.2c-1.5,0-3.7-0.4-3.7-2.1S97.1,10.2,98.6,10.2z M113.4,10.2c1.2,0,2.2,0.9,2.2,3.2s-0.1,3.2-1.3,3.2s-3.1-1.4-3.1-3.2S112.2,10.2,113.4,10.2z&#039;\/%3E%3C\/svg%3E&quot;);\">\n\t\t\t<span class=\"elementor-divider-separator\">\n\t\t\t\t\t\t<\/span>\n\t\t<\/div>\n\t\t\t\t\t\t<\/div>\n\t\t\t\t<\/div>\n\t\t\t\t<\/div>\n\t\t<div class=\"elementor-element elementor-element-d0efa7f e-con-full e-flex e-con e-child\" data-id=\"d0efa7f\" data-element_type=\"container\">\n\t\t\t\t<div class=\"elementor-element elementor-element-6b7c49d elementor-widget elementor-widget-heading\" data-id=\"6b7c49d\" data-element_type=\"widget\" data-widget_type=\"heading.default\">\n\t\t\t\t<div class=\"elementor-widget-container\">\n\t\t\t\t\t<h2 class=\"elementor-heading-title elementor-size-default\">Amna Khalafalla<\/h2>\t\t\t\t<\/div>\n\t\t\t\t<\/div>\n\t\t\t\t<\/div>\n\t\t\t\t<\/div>\n\t\t<div class=\"elementor-element elementor-element-66ba9cb elementor-hidden-desktop elementor-hidden-tablet e-flex e-con-boxed e-con e-parent\" data-id=\"66ba9cb\" data-element_type=\"container\">\n\t\t\t\t\t<div class=\"e-con-inner\">\n\t\t\t\t<div class=\"elementor-element elementor-element-12027bb elementor-widget elementor-widget-heading\" data-id=\"12027bb\" data-element_type=\"widget\" data-widget_type=\"heading.default\">\n\t\t\t\t<div class=\"elementor-widget-container\">\n\t\t\t\t\t<h2 class=\"elementor-heading-title elementor-size-default\">Amna Khalafalla<\/h2>\t\t\t\t<\/div>\n\t\t\t\t<\/div>\n\t\t\t\t<div class=\"elementor-element elementor-element-5a87bb6 elementor-widget elementor-widget-text-editor\" data-id=\"5a87bb6\" data-element_type=\"widget\" data-widget_type=\"text-editor.default\">\n\t\t\t\t<div class=\"elementor-widget-container\">\n\t\t\t\t\t\t\t\t\t<p>FORMER DEVELOPMENT\/WEB COORDINATOR<\/p>\t\t\t\t\t\t\t\t<\/div>\n\t\t\t\t<\/div>\n\t\t\t\t\t<\/div>\n\t\t\t\t<\/div>\n\t\t<div class=\"elementor-element elementor-element-ac24ca1 e-con-full elementor-hidden-mobile e-flex e-con e-parent\" data-id=\"ac24ca1\" data-element_type=\"container\">\n\t\t<div class=\"elementor-element elementor-element-8c7f63d e-con-full e-flex e-con e-child\" data-id=\"8c7f63d\" data-element_type=\"container\">\n\t\t\t\t<\/div>\n\t\t<div class=\"elementor-element elementor-element-3d5fec3 e-con-full e-flex e-con e-child\" data-id=\"3d5fec3\" data-element_type=\"container\">\n\t\t\t\t<div class=\"elementor-element elementor-element-0d76a37 elementor-hidden-mobile elementor-widget elementor-widget-heading\" data-id=\"0d76a37\" data-element_type=\"widget\" data-widget_type=\"heading.default\">\n\t\t\t\t<div class=\"elementor-widget-container\">\n\t\t\t\t\t<h2 class=\"elementor-heading-title elementor-size-default\">FORMER DEVELOPMENT\/WEB COORDINATOR<\/h2>\t\t\t\t<\/div>\n\t\t\t\t<\/div>\n\t\t\t\t<\/div>\n\t\t\t\t<\/div>\n\t\t<div class=\"elementor-element elementor-element-88ec90f e-flex e-con-boxed e-con e-parent\" data-id=\"88ec90f\" data-element_type=\"container\">\n\t\t\t\t\t<div class=\"e-con-inner\">\n\t\t<div class=\"elementor-element elementor-element-ff6fc31 e-con-full e-flex e-con e-child\" data-id=\"ff6fc31\" data-element_type=\"container\">\n\t\t\t\t<div class=\"elementor-element elementor-element-5d43745 elementor-widget elementor-widget-image\" data-id=\"5d43745\" data-element_type=\"widget\" data-widget_type=\"image.default\">\n\t\t\t\t<div class=\"elementor-widget-container\">\n\t\t\t\t\t\t\t\t\t\t\t\t\t\t\t<img fetchpriority=\"high\" decoding=\"async\" width=\"672\" height=\"450\" src=\"https:\/\/colectivaninasdeguatemala.com\/wp-content\/uploads\/2025\/07\/Untitled-design-10.png\" class=\"attachment-full size-full wp-image-2275\" alt=\"\" srcset=\"https:\/\/colectivaninasdeguatemala.com\/wp-content\/uploads\/2025\/07\/Untitled-design-10.png 672w, https:\/\/colectivaninasdeguatemala.com\/wp-content\/uploads\/2025\/07\/Untitled-design-10-300x201.png 300w, https:\/\/colectivaninasdeguatemala.com\/wp-content\/uploads\/2025\/07\/Untitled-design-10-18x12.png 18w\" sizes=\"(max-width: 672px) 100vw, 672px\" \/>\t\t\t\t\t\t\t\t\t\t\t\t\t\t\t<\/div>\n\t\t\t\t<\/div>\n\t\t\t\t<\/div>\n\t\t<div class=\"elementor-element elementor-element-81ed5a4 e-con-full e-flex e-con e-child\" data-id=\"81ed5a4\" data-element_type=\"container\">\n\t\t\t\t<div class=\"elementor-element elementor-element-c67e523 elementor-widget elementor-widget-text-editor\" data-id=\"c67e523\" data-element_type=\"widget\" data-widget_type=\"text-editor.default\">\n\t\t\t\t<div class=\"elementor-widget-container\">\n\t\t\t\t\t\t\t\t\t<p>Amna fue una integrante que transform\u00f3 la presencia del colectivo en redes sociales y tambi\u00e9n encontr\u00f3 v\u00edas de financiamiento para que pudieran ampliar su trabajo. Comenz\u00f3 a involucrarse con el colectivo en 2021. Ha trabajado en organizaciones de atenci\u00f3n directa y de incidencia pol\u00edtica en favor de personas refugiadas, inmigrantes, y de la salud de adolescentes y mujeres j\u00f3venes. <span style=\"font-family: -apple-system, BlinkMacSystemFont, 'Segoe UI', Roboto, 'Helvetica Neue', Arial, 'Noto Sans', sans-serif, 'Apple Color Emoji', 'Segoe UI Emoji', 'Segoe UI Symbol', 'Noto Color Emoji';\">Naci\u00f3 en el Este de \u00c1frica y se cri\u00f3 en Filadelfia.<\/span><\/p>\t\t\t\t\t\t\t\t<\/div>\n\t\t\t\t<\/div>\n\t\t\t\t<\/div>\n\t\t\t\t\t<\/div>\n\t\t\t\t<\/div>\n\t\t\t\t<\/div>","protected":false},"excerpt":{"rendered":"<p>Amna Khalafalla Amna Khalafalla FORMER DEVELOPMENT\/WEB COORDINATOR FORMER DEVELOPMENT\/WEB COORDINATOR Amna is a former member who transformed the collective&#8217;s social media presence as well as found funding avenues for them to scale their work. She first became involved with the collective in 2021. She has worked in service provision and advocacy organizations for refugees, immigrants, [&hellip;]<\/p>","protected":false},"author":1,"featured_media":0,"parent":0,"menu_order":0,"comment_status":"closed","ping_status":"closed","template":"elementor_header_footer","meta":{"footnotes":""},"class_list":["post-865","page","type-page","status-publish","hentry"],"_links":{"self":[{"href":"https:\/\/colectivaninasdeguatemala.com\/es\/wp-json\/wp\/v2\/pages\/865","targetHints":{"allow":["GET"]}}],"collection":[{"href":"https:\/\/colectivaninasdeguatemala.com\/es\/wp-json\/wp\/v2\/pages"}],"about":[{"href":"https:\/\/colectivaninasdeguatemala.com\/es\/wp-json\/wp\/v2\/types\/page"}],"author":[{"embeddable":true,"href":"https:\/\/colectivaninasdeguatemala.com\/es\/wp-json\/wp\/v2\/users\/1"}],"replies":[{"embeddable":true,"href":"https:\/\/colectivaninasdeguatemala.com\/es\/wp-json\/wp\/v2\/comments?post=865"}],"version-history":[{"count":34,"href":"https:\/\/colectivaninasdeguatemala.com\/es\/wp-json\/wp\/v2\/pages\/865\/revisions"}],"predecessor-version":[{"id":2311,"href":"https:\/\/colectivaninasdeguatemala.com\/es\/wp-json\/wp\/v2\/pages\/865\/revisions\/2311"}],"wp:attachment":[{"href":"https:\/\/colectivaninasdeguatemala.com\/es\/wp-json\/wp\/v2\/media?parent=865"}],"curies":[{"name":"wp","href":"https:\/\/api.w.org\/{rel}","templated":true}]}}