{"id":987,"date":"2025-04-16T17:06:44","date_gmt":"2025-04-16T17:06:44","guid":{"rendered":"https:\/\/colectivacolectivaninasdeguatemala.com\/?page_id=987"},"modified":"2025-07-15T23:47:56","modified_gmt":"2025-07-15T23:47:56","slug":"alzar-la-voz-panajchel","status":"publish","type":"page","link":"https:\/\/colectivaninasdeguatemala.com\/es\/alzar-la-voz-panajchel\/","title":{"rendered":"Alzar La Voz Es Mi Derecho en Panajachel, Solola"},"content":{"rendered":"<div data-elementor-type=\"wp-page\" data-elementor-id=\"987\" class=\"elementor elementor-987\" data-elementor-post-type=\"page\">\n\t\t\t\t<div class=\"elementor-element elementor-element-aa9929f e-con-full e-flex e-con e-parent\" data-id=\"aa9929f\" data-element_type=\"container\" data-settings=\"{&quot;background_background&quot;:&quot;video&quot;,&quot;background_video_link&quot;:&quot;https:\\\/\\\/www.youtube.com\\\/watch?v=ECiIr3RV3dU&amp;t=240s&amp;ab_channel=LasNi%C3%B1asdeGuatemala&quot;,&quot;background_video_start&quot;:1250,&quot;background_video_end&quot;:1265}\">\n\t\t<div class=\"elementor-background-video-container elementor-hidden-mobile\" aria-hidden=\"true\">\n\t\t\t\t\t\t\t<div class=\"elementor-background-video-embed\"><\/div>\n\t\t\t\t\t\t<\/div>\t\t<\/div>\n\t\t<div class=\"elementor-element elementor-element-821da8f e-flex e-con-boxed e-con e-parent\" data-id=\"821da8f\" data-element_type=\"container\">\n\t\t\t\t\t<div class=\"e-con-inner\">\n\t\t\t\t<div class=\"elementor-element elementor-element-4a8b453 elementor-widget elementor-widget-heading\" data-id=\"4a8b453\" data-element_type=\"widget\" data-widget_type=\"heading.default\">\n\t\t\t\t<div class=\"elementor-widget-container\">\n\t\t\t\t\t<h2 class=\"elementor-heading-title elementor-size-default\">Alzar La Voz Es Mi Derecho En Panajachel, Solol\u00e1<\/h2>\t\t\t\t<\/div>\n\t\t\t\t<\/div>\n\t\t\t\t<div class=\"elementor-element elementor-element-f625671 elementor-widget-divider--separator-type-pattern elementor-widget-divider--no-spacing elementor-widget-divider--view-line elementor-widget elementor-widget-divider\" data-id=\"f625671\" data-element_type=\"widget\" data-widget_type=\"divider.default\">\n\t\t\t\t<div class=\"elementor-widget-container\">\n\t\t\t\t\t\t\t<div class=\"elementor-divider\" style=\"--divider-pattern-url: url(&quot;data:image\/svg+xml,%3Csvg xmlns=&#039;http:\/\/www.w3.org\/2000\/svg&#039; preserveAspectRatio=&#039;xMidYMid meet&#039; overflow=&#039;visible&#039; height=&#039;100%&#039; viewBox=&#039;0 0 126 26&#039; fill=&#039;black&#039; stroke=&#039;none&#039;%3E%3Cpath d=&#039;M3,10.2c2.6,0,2.6,2,2.6,3.2S4.4,16.5,3,16.5s-3-1.4-3-3.2S0.4,10.2,3,10.2z M18.8,10.2c1.7,0,3.2,1.4,3.2,3.2s-1.4,3.2-3.2,3.2c-1.7,0-3.2-1.4-3.2-3.2S17,10.2,18.8,10.2z M34.6,10.2c1.5,0,2.6,1.4,2.6,3.2s-0.5,3.2-1.9,3.2c-1.5,0-3.4-1.4-3.4-3.2S33.1,10.2,34.6,10.2z M50.5,10.2c1.7,0,3.2,1.4,3.2,3.2s-1.4,3.2-3.2,3.2c-1.7,0-3.3-0.9-3.3-2.6S48.7,10.2,50.5,10.2z M66.2,10.2c1.5,0,3.4,1.4,3.4,3.2s-1.9,3.2-3.4,3.2c-1.5,0-2.6-0.4-2.6-2.1S64.8,10.2,66.2,10.2z M82.2,10.2c1.7,0.8,2.6,1.4,2.6,3.2s-0.1,3.2-1.6,3.2c-1.5,0-3.7-1.4-3.7-3.2S80.5,9.4,82.2,10.2zM98.6,10.2c1.5,0,2.6,0.4,2.6,2.1s-1.2,4.2-2.6,4.2c-1.5,0-3.7-0.4-3.7-2.1S97.1,10.2,98.6,10.2z M113.4,10.2c1.2,0,2.2,0.9,2.2,3.2s-0.1,3.2-1.3,3.2s-3.1-1.4-3.1-3.2S112.2,10.2,113.4,10.2z&#039;\/%3E%3C\/svg%3E&quot;);\">\n\t\t\t<span class=\"elementor-divider-separator\">\n\t\t\t\t\t\t<\/span>\n\t\t<\/div>\n\t\t\t\t\t\t<\/div>\n\t\t\t\t<\/div>\n\t\t\t\t<div class=\"elementor-element elementor-element-3efcc3f elementor-widget elementor-widget-text-editor\" data-id=\"3efcc3f\" data-element_type=\"widget\" data-widget_type=\"text-editor.default\">\n\t\t\t\t<div class=\"elementor-widget-container\">\n\t\t\t\t\t\t\t\t\t<p data-start=\"144\" data-end=\"360\"><span data-start=\"144\" data-end=\"170\">Las Ni\u00f1as de Guatemala&nbsp;<\/span>es un proyecto que trabaja en talleres de expresi\u00f3n y movimiento para ni\u00f1as, j\u00f3venas y mujeres con la intenci\u00f3n de facilitar herramientas de empoderamiento, sanaci\u00f3n y fortalecer la conexi\u00f3n con sus cuerpos y con ellas mismas.<\/p>\n<p data-start=\"385\" data-end=\"717\">Este formato del 2024 est\u00e1 dirigido a mujeres con capacidades diferentes. Su metodolog\u00eda se basa en el arte pol\u00edtico y en la cosmovisi\u00f3n maya, compartiendo herramientas para el consentimiento, la estimulaci\u00f3n sensorial, el desarrollo del liderazgo y el fortalecimiento de la expresi\u00f3n como aporte a los derechos sexuales y reproductivos en Guatemala.<\/p>\n<p data-start=\"719\" data-end=\"952\">El proyecto Las Ni\u00f1as de Guatemala, genera propuestas de transformaci\u00f3n individual y colectiva\nintergeneracional a trav\u00e9s del arte y la integraci\u00f3n de distintas metodolog\u00edas de acompa\u00f1amiento integral con enfoque feminista.<\/p>\n<p data-start=\"954\" data-end=\"1314\">Dichas metodologias son adaptadas y contextualizadas de manera que puedan generar un\nproceso genuino de aprendizaje, autoconocimiento, transformaci\u00f3n y sanaci\u00f3n individual y colectiva. Proponemos como aporte a la reivindicaci\u00f3n, el respeto a lxs cuerpxs y las decisiones de las ni\u00f1as, j\u00f3venes y mujeres adultas a trav\u00e9s del arte y la incidencia pol\u00edtica desde sus propias\nvidas!<\/p>\t\t\t\t\t\t\t\t<\/div>\n\t\t\t\t<\/div>\n\t\t\t\t\t<\/div>\n\t\t\t\t<\/div>\n\t\t<div class=\"elementor-element elementor-element-c4aa98d e-flex e-con-boxed e-con e-parent\" data-id=\"c4aa98d\" data-element_type=\"container\" data-settings=\"{&quot;background_background&quot;:&quot;classic&quot;}\">\n\t\t\t\t\t<div class=\"e-con-inner\">\n\t\t\t\t<div class=\"elementor-element elementor-element-9f0b519 elementor-widget elementor-widget-heading\" data-id=\"9f0b519\" data-element_type=\"widget\" data-widget_type=\"heading.default\">\n\t\t\t\t<div class=\"elementor-widget-container\">\n\t\t\t\t\t<h2 class=\"elementor-heading-title elementor-size-default\">VER EL PROYECTO<\/h2>\t\t\t\t<\/div>\n\t\t\t\t<\/div>\n\t\t\t\t<div class=\"elementor-element elementor-element-2a5a4ce elementor-widget elementor-widget-video\" data-id=\"2a5a4ce\" data-element_type=\"widget\" data-settings=\"{&quot;youtube_url&quot;:&quot;https:\\\/\\\/www.youtube.com\\\/watch?v=ECiIr3RV3dU&amp;t=1237s&quot;,&quot;video_type&quot;:&quot;youtube&quot;,&quot;controls&quot;:&quot;yes&quot;}\" data-widget_type=\"video.default\">\n\t\t\t\t<div class=\"elementor-widget-container\">\n\t\t\t\t\t\t\t<div class=\"elementor-wrapper elementor-open-inline\">\n\t\t\t<div class=\"elementor-video\"><\/div>\t\t<\/div>\n\t\t\t\t\t\t<\/div>\n\t\t\t\t<\/div>\n\t\t\t\t\t<\/div>\n\t\t\t\t<\/div>\n\t\t\t\t<\/div>","protected":false},"excerpt":{"rendered":"<p>Alzar La Voz Es Mi Derecho In Panajachel, Solol\u00e1 Las Ni\u00f1as de Guatemala&nbsp;is a project that offers expression and movement workshops for girls, adolescents, and women, with the intention of providing tools for empowerment, healing, and strengthening the connection to their bodies and to themselves. The 2024 format is specifically designed for women with disabilities. [&hellip;]<\/p>","protected":false},"author":1,"featured_media":0,"parent":0,"menu_order":0,"comment_status":"closed","ping_status":"closed","template":"elementor_header_footer","meta":{"footnotes":""},"class_list":["post-987","page","type-page","status-publish","hentry"],"_links":{"self":[{"href":"https:\/\/colectivaninasdeguatemala.com\/es\/wp-json\/wp\/v2\/pages\/987","targetHints":{"allow":["GET"]}}],"collection":[{"href":"https:\/\/colectivaninasdeguatemala.com\/es\/wp-json\/wp\/v2\/pages"}],"about":[{"href":"https:\/\/colectivaninasdeguatemala.com\/es\/wp-json\/wp\/v2\/types\/page"}],"author":[{"embeddable":true,"href":"https:\/\/colectivaninasdeguatemala.com\/es\/wp-json\/wp\/v2\/users\/1"}],"replies":[{"embeddable":true,"href":"https:\/\/colectivaninasdeguatemala.com\/es\/wp-json\/wp\/v2\/comments?post=987"}],"version-history":[{"count":67,"href":"https:\/\/colectivaninasdeguatemala.com\/es\/wp-json\/wp\/v2\/pages\/987\/revisions"}],"predecessor-version":[{"id":2530,"href":"https:\/\/colectivaninasdeguatemala.com\/es\/wp-json\/wp\/v2\/pages\/987\/revisions\/2530"}],"wp:attachment":[{"href":"https:\/\/colectivaninasdeguatemala.com\/es\/wp-json\/wp\/v2\/media?parent=987"}],"curies":[{"name":"wp","href":"https:\/\/api.w.org\/{rel}","templated":true}]}}