{"id":989,"date":"2025-04-16T17:07:08","date_gmt":"2025-04-16T17:07:08","guid":{"rendered":"https:\/\/colectivacolectivaninasdeguatemala.com\/?page_id=989"},"modified":"2025-07-24T13:08:47","modified_gmt":"2025-07-24T13:08:47","slug":"alzar-la-voz-patojismo","status":"publish","type":"page","link":"https:\/\/colectivaninasdeguatemala.com\/es\/alzar-la-voz-patojismo\/","title":{"rendered":"Alzar La Voz Es Mi Derecho en Jocotenango y Ciudad Peronia"},"content":{"rendered":"<div data-elementor-type=\"wp-page\" data-elementor-id=\"989\" class=\"elementor elementor-989\" data-elementor-post-type=\"page\">\n\t\t\t\t<div class=\"elementor-element elementor-element-41a663b e-con-full e-flex e-con e-parent\" data-id=\"41a663b\" data-element_type=\"container\" data-settings=\"{&quot;background_background&quot;:&quot;video&quot;,&quot;background_video_link&quot;:&quot;https:\\\/\\\/www.youtube.com\\\/watch?v=iwgzovIH3fg&amp;t=70s&amp;ab_channel=LasNi%C3%B1asdeGuatemala&quot;,&quot;background_video_start&quot;:357,&quot;background_video_end&quot;:370}\">\n\t\t<div class=\"elementor-background-video-container elementor-hidden-mobile\" aria-hidden=\"true\">\n\t\t\t\t\t\t\t<div class=\"elementor-background-video-embed\"><\/div>\n\t\t\t\t\t\t<\/div>\t\t<\/div>\n\t\t<div class=\"elementor-element elementor-element-da18ed8 e-flex e-con-boxed e-con e-parent\" data-id=\"da18ed8\" data-element_type=\"container\">\n\t\t\t\t\t<div class=\"e-con-inner\">\n\t\t\t\t<div class=\"elementor-element elementor-element-8afb7a1 elementor-widget elementor-widget-heading\" data-id=\"8afb7a1\" data-element_type=\"widget\" data-widget_type=\"heading.default\">\n\t\t\t\t<div class=\"elementor-widget-container\">\n\t\t\t\t\t<h2 class=\"elementor-heading-title elementor-size-default\">Alzar La Voz Es Mi Derecho En Jocotenango y Ciudad Peronia<\/h2>\t\t\t\t<\/div>\n\t\t\t\t<\/div>\n\t\t\t\t<div class=\"elementor-element elementor-element-4e9f4e8 elementor-widget-divider--separator-type-pattern elementor-widget-divider--no-spacing elementor-widget-divider--view-line elementor-widget elementor-widget-divider\" data-id=\"4e9f4e8\" data-element_type=\"widget\" data-widget_type=\"divider.default\">\n\t\t\t\t<div class=\"elementor-widget-container\">\n\t\t\t\t\t\t\t<div class=\"elementor-divider\" style=\"--divider-pattern-url: url(&quot;data:image\/svg+xml,%3Csvg xmlns=&#039;http:\/\/www.w3.org\/2000\/svg&#039; preserveAspectRatio=&#039;xMidYMid meet&#039; overflow=&#039;visible&#039; height=&#039;100%&#039; viewBox=&#039;0 0 126 26&#039; fill=&#039;black&#039; stroke=&#039;none&#039;%3E%3Cpath d=&#039;M3,10.2c2.6,0,2.6,2,2.6,3.2S4.4,16.5,3,16.5s-3-1.4-3-3.2S0.4,10.2,3,10.2z M18.8,10.2c1.7,0,3.2,1.4,3.2,3.2s-1.4,3.2-3.2,3.2c-1.7,0-3.2-1.4-3.2-3.2S17,10.2,18.8,10.2z M34.6,10.2c1.5,0,2.6,1.4,2.6,3.2s-0.5,3.2-1.9,3.2c-1.5,0-3.4-1.4-3.4-3.2S33.1,10.2,34.6,10.2z M50.5,10.2c1.7,0,3.2,1.4,3.2,3.2s-1.4,3.2-3.2,3.2c-1.7,0-3.3-0.9-3.3-2.6S48.7,10.2,50.5,10.2z M66.2,10.2c1.5,0,3.4,1.4,3.4,3.2s-1.9,3.2-3.4,3.2c-1.5,0-2.6-0.4-2.6-2.1S64.8,10.2,66.2,10.2z M82.2,10.2c1.7,0.8,2.6,1.4,2.6,3.2s-0.1,3.2-1.6,3.2c-1.5,0-3.7-1.4-3.7-3.2S80.5,9.4,82.2,10.2zM98.6,10.2c1.5,0,2.6,0.4,2.6,2.1s-1.2,4.2-2.6,4.2c-1.5,0-3.7-0.4-3.7-2.1S97.1,10.2,98.6,10.2z M113.4,10.2c1.2,0,2.2,0.9,2.2,3.2s-0.1,3.2-1.3,3.2s-3.1-1.4-3.1-3.2S112.2,10.2,113.4,10.2z&#039;\/%3E%3C\/svg%3E&quot;);\">\n\t\t\t<span class=\"elementor-divider-separator\">\n\t\t\t\t\t\t<\/span>\n\t\t<\/div>\n\t\t\t\t\t\t<\/div>\n\t\t\t\t<\/div>\n\t\t\t\t<div class=\"elementor-element elementor-element-304dcff elementor-widget elementor-widget-text-editor\" data-id=\"304dcff\" data-element_type=\"widget\" data-widget_type=\"text-editor.default\">\n\t\t\t\t<div class=\"elementor-widget-container\">\n\t\t\t\t\t\t\t\t\t<p class=\"p1\">Alzar La Voz Es Mi Derecho es un proyecto que trabaja en talleres de expresi\u00f3n y movimiento\npara ni\u00f1as, j\u00f3venas y mujeres con la intenci\u00f3n de facilitar herramientas de empoderamiento,\nsanaci\u00f3n y fortalecer la conexi\u00f3n con sus cuerpos y con ellas mismas.<\/p>\n<p data-start=\"366\" data-end=\"962\">Los talleres de rap y movimiento del 2025 fueron dirigidos a j\u00f3venas artistas del <em data-start=\"439\" data-end=\"450\">Patojismo<\/em>, <em data-start=\"452\" data-end=\"469\">Colectivo Bat\u2019z<\/em>, y <em data-start=\"475\" data-end=\"496\">Peronia Adolescente<\/em>. Est\u00e1n basados en una metodolog\u00eda donde el ritmo y el movimiento son herramientas claves para\ncrear en Colectividad. Como resultado de este a\u00f1o presentamos un <span data-start=\"656\" data-end=\"666\">Cypher<\/span>, que fue un momento\ndestacado en nuestra experiencia de este 2025 donde las participantes demostraron su talento,\ncomplementado con presentaciones de breakdance y zancos. Estas experiencias, llenas de\naprendizaje mutuo, confirmaron el poder del arte para transformar y empoderar. Nos sentimos\nprofundamente agradecidas de haber sido parte de este intercambio.<\/p>\n<p data-start=\"964\" data-end=\"1115\">El arte en la vida de las patojas es muy importante, algunas patojas practican zancos, break\ndance, poes\u00eda, algunas escriben y otras tocan marimba.<\/p>\t\t\t\t\t\t\t\t<\/div>\n\t\t\t\t<\/div>\n\t\t\t\t\t<\/div>\n\t\t\t\t<\/div>\n\t\t<div class=\"elementor-element elementor-element-d1c3ef3 e-flex e-con-boxed e-con e-parent\" data-id=\"d1c3ef3\" data-element_type=\"container\" data-settings=\"{&quot;background_background&quot;:&quot;classic&quot;}\">\n\t\t\t\t\t<div class=\"e-con-inner\">\n\t\t\t\t<div class=\"elementor-element elementor-element-74e993b elementor-widget elementor-widget-heading\" data-id=\"74e993b\" data-element_type=\"widget\" data-widget_type=\"heading.default\">\n\t\t\t\t<div class=\"elementor-widget-container\">\n\t\t\t\t\t<h2 class=\"elementor-heading-title elementor-size-default\">VER EL PROYECTO<\/h2>\t\t\t\t<\/div>\n\t\t\t\t<\/div>\n\t\t\t\t<div class=\"elementor-element elementor-element-e48ab08 elementor-widget elementor-widget-video\" data-id=\"e48ab08\" data-element_type=\"widget\" data-settings=\"{&quot;youtube_url&quot;:&quot;https:\\\/\\\/www.youtube.com\\\/watch?v=iwgzovIH3fg&amp;t=381s&quot;,&quot;video_type&quot;:&quot;youtube&quot;,&quot;controls&quot;:&quot;yes&quot;}\" data-widget_type=\"video.default\">\n\t\t\t\t<div class=\"elementor-widget-container\">\n\t\t\t\t\t\t\t<div class=\"elementor-wrapper elementor-open-inline\">\n\t\t\t<div class=\"elementor-video\"><\/div>\t\t<\/div>\n\t\t\t\t\t\t<\/div>\n\t\t\t\t<\/div>\n\t\t\t\t\t<\/div>\n\t\t\t\t<\/div>\n\t\t\t\t<\/div>","protected":false},"excerpt":{"rendered":"<p>Alzar La Voz Es Mi Derecho In Jocotenango and Ciudad Peronia Alzar La Voz Es Mi Derecho is a project that offers expression and movement workshops for girls, young women, and women, with the goal of providing tools for empowerment, healing, and strengthening the connection to their bodies and themselves. The 2025 rap and movement [&hellip;]<\/p>","protected":false},"author":1,"featured_media":0,"parent":0,"menu_order":0,"comment_status":"closed","ping_status":"closed","template":"elementor_header_footer","meta":{"footnotes":""},"class_list":["post-989","page","type-page","status-publish","hentry"],"_links":{"self":[{"href":"https:\/\/colectivaninasdeguatemala.com\/es\/wp-json\/wp\/v2\/pages\/989","targetHints":{"allow":["GET"]}}],"collection":[{"href":"https:\/\/colectivaninasdeguatemala.com\/es\/wp-json\/wp\/v2\/pages"}],"about":[{"href":"https:\/\/colectivaninasdeguatemala.com\/es\/wp-json\/wp\/v2\/types\/page"}],"author":[{"embeddable":true,"href":"https:\/\/colectivaninasdeguatemala.com\/es\/wp-json\/wp\/v2\/users\/1"}],"replies":[{"embeddable":true,"href":"https:\/\/colectivaninasdeguatemala.com\/es\/wp-json\/wp\/v2\/comments?post=989"}],"version-history":[{"count":43,"href":"https:\/\/colectivaninasdeguatemala.com\/es\/wp-json\/wp\/v2\/pages\/989\/revisions"}],"predecessor-version":[{"id":2592,"href":"https:\/\/colectivaninasdeguatemala.com\/es\/wp-json\/wp\/v2\/pages\/989\/revisions\/2592"}],"wp:attachment":[{"href":"https:\/\/colectivaninasdeguatemala.com\/es\/wp-json\/wp\/v2\/media?parent=989"}],"curies":[{"name":"wp","href":"https:\/\/api.w.org\/{rel}","templated":true}]}}